{"id":36721,"date":"2024-08-28T16:02:05","date_gmt":"2024-08-28T14:02:05","guid":{"rendered":"https:\/\/www.heveatecture.com\/portfolio\/"},"modified":"2025-10-21T05:54:25","modified_gmt":"2025-10-21T03:54:25","slug":"portfolio","status":"publish","type":"page","link":"https:\/\/www.heveatecture.com\/de\/portfolio\/","title":{"rendered":"Portfolio"},"content":{"rendered":"\t\t<div data-elementor-type=\"wp-page\" data-elementor-id=\"36721\" class=\"elementor elementor-36721 elementor-28864\" data-elementor-post-type=\"page\">\n\t\t\t\t\t\t<section class=\"elementor-section elementor-top-section elementor-element elementor-element-6935c917 elementor-section-height-min-height elementor-section-boxed elementor-section-height-default elementor-section-items-middle\" data-id=\"6935c917\" data-element_type=\"section\" data-e-type=\"section\" data-settings=\"{&quot;background_background&quot;:&quot;classic&quot;}\">\n\t\t\t\t\t\t\t<div class=\"elementor-background-overlay\"><\/div>\n\t\t\t\t\t\t\t<div class=\"elementor-container elementor-column-gap-default\">\n\t\t\t\t\t<div class=\"elementor-column elementor-col-100 elementor-top-column elementor-element elementor-element-77dbb9a7\" data-id=\"77dbb9a7\" data-element_type=\"column\" data-e-type=\"column\">\n\t\t\t<div class=\"elementor-widget-wrap elementor-element-populated\">\n\t\t\t\t\t\t<div class=\"elementor-element elementor-element-47da88dd elementor-widget elementor-widget-heading\" data-id=\"47da88dd\" data-element_type=\"widget\" data-e-type=\"widget\" data-widget_type=\"heading.default\">\n\t\t\t\t<div class=\"elementor-widget-container\">\n\t\t\t\t\t<h2 class=\"elementor-heading-title elementor-size-default\">SEHEN SIE SICH<br><b>UNSER PORTFOLIO AN<\/b><\/h2>\t\t\t\t<\/div>\n\t\t\t\t<\/div>\n\t\t\t\t\t<\/div>\n\t\t<\/div>\n\t\t\t\t\t<\/div>\n\t\t<\/section>\n\t\t\t\t<section class=\"elementor-section elementor-top-section elementor-element elementor-element-c3c9458 elementor-section-boxed elementor-section-height-default elementor-section-height-default\" data-id=\"c3c9458\" data-element_type=\"section\" data-e-type=\"section\">\n\t\t\t\t\t\t<div class=\"elementor-container elementor-column-gap-default\">\n\t\t\t\t\t<div class=\"elementor-column elementor-col-50 elementor-top-column elementor-element elementor-element-2a8f00cc\" data-id=\"2a8f00cc\" data-element_type=\"column\" data-e-type=\"column\">\n\t\t\t<div class=\"elementor-widget-wrap elementor-element-populated\">\n\t\t\t\t\t\t<div class=\"elementor-element elementor-element-3eb0d478 elementor-widget__width-initial elementor-widget elementor-widget-heading\" data-id=\"3eb0d478\" data-element_type=\"widget\" data-e-type=\"widget\" data-widget_type=\"heading.default\">\n\t\t\t\t<div class=\"elementor-widget-container\">\n\t\t\t\t\t<h2 class=\"elementor-heading-title elementor-size-default\">Unsere besten<br><b>Projekte<\/b><\/h2>\t\t\t\t<\/div>\n\t\t\t\t<\/div>\n\t\t\t\t<div class=\"elementor-element elementor-element-13ccb295 elementor-widget-divider--view-line elementor-widget elementor-widget-divider\" data-id=\"13ccb295\" data-element_type=\"widget\" data-e-type=\"widget\" data-widget_type=\"divider.default\">\n\t\t\t\t<div class=\"elementor-widget-container\">\n\t\t\t\t\t\t\t<div class=\"elementor-divider\">\n\t\t\t<span class=\"elementor-divider-separator\">\n\t\t\t\t\t\t<\/span>\n\t\t<\/div>\n\t\t\t\t\t\t<\/div>\n\t\t\t\t<\/div>\n\t\t\t\t\t<\/div>\n\t\t<\/div>\n\t\t\t\t<div class=\"elementor-column elementor-col-50 elementor-top-column elementor-element elementor-element-4292d0a0\" data-id=\"4292d0a0\" data-element_type=\"column\" data-e-type=\"column\">\n\t\t\t<div class=\"elementor-widget-wrap elementor-element-populated\">\n\t\t\t\t\t\t<div class=\"elementor-element elementor-element-77cdc329 elementor-widget elementor-widget-text-editor\" data-id=\"77cdc329\" data-element_type=\"widget\" data-e-type=\"widget\" data-widget_type=\"text-editor.default\">\n\t\t\t\t<div class=\"elementor-widget-container\">\n\t\t\t\t\t\t\t\t\t<p><strong>Entdecken Sie die einzigartigen Kreationen der architektonischen Meisterwerke von Heveatecture<\/strong><\/p>\n<p>Unser Portfolio pr\u00e4sentiert au\u00dfergew\u00f6hnliche Villen, die eine Mischung aus Eleganz, Innovation und Praktikabilit\u00e4t widerspiegeln. Von schlanken modernen Designs bis hin zu luxuri\u00f6sen tropischen Konzepten zeigt jedes Projekt unser Engagement f\u00fcr erstklassiges Wohnen. Unser erfahrenes Team aus Architekten und Designern stellt sicher, dass jede von uns geschaffene Villa nichts weniger als au\u00dfergew\u00f6hnlich ist.<\/p>\n<p>Entdecken Sie unser Portfolio und erleben Sie die grenzenlosen M\u00f6glichkeiten, die wir zum Leben erwecken k\u00f6nnen \u2013 kein Projekt ist f\u00fcr uns zu gro\u00df oder zu klein!<\/p>\n\t\t\t\t\t\t\t\t<\/div>\n\t\t\t\t<\/div>\n\t\t\t\t\t<\/div>\n\t\t<\/div>\n\t\t\t\t\t<\/div>\n\t\t<\/section>\n\t\t\t\t<section class=\"elementor-section elementor-top-section elementor-element elementor-element-33db270 elementor-section-boxed elementor-section-height-default elementor-section-height-default\" data-id=\"33db270\" data-element_type=\"section\" data-e-type=\"section\">\n\t\t\t\t\t\t<div class=\"elementor-container elementor-column-gap-default\">\n\t\t\t\t\t<div class=\"elementor-column elementor-col-100 elementor-top-column elementor-element elementor-element-1cf9837\" data-id=\"1cf9837\" data-element_type=\"column\" data-e-type=\"column\">\n\t\t\t<div class=\"elementor-widget-wrap elementor-element-populated\">\n\t\t\t\t\t\t<div class=\"elementor-element elementor-element-a791e09 elementor-widget elementor-widget-htportfolio-portfolio-addons\" data-id=\"a791e09\" data-element_type=\"widget\" data-e-type=\"widget\" data-widget_type=\"htportfolio-portfolio-addons.default\">\n\t\t\t\t<div class=\"elementor-widget-container\">\n\t\t\t\t\t            <div class=\"filter-area wida791e09\">\n                                    <div class=\"htportfolio-filter-menu-list wida791e09\">\n                                                    <button class=\"is-checked \" data-filter=\"*\">All<\/button>\n                                                                                                <button data-filter=\".beach\">beach<\/button>\n                                                                        <button data-filter=\".swimming-pool\">swimming pool<\/button>\n                                                                        <button data-filter=\".villa\">villa<\/button>\n                                            <\/div>\n                                                <div class=\"ft_item-style wida791e09\">\n                    <div class=\"all_item_wrapper grid-active wida791e09\">\n                                                <div class=\"htportfolio-filter_item_box htportfolio-grid-item swimming-pool villa \">\n                              \n                            <div class=\"htportfolio-ft_item_image\">\n\n                                                               <a href=\"https:\/\/www.heveatecture.com\/de\/ht_portfolios\/project-02\/\"><img fetchpriority=\"high\" decoding=\"async\" width=\"1530\" height=\"861\" src=\"https:\/\/www.heveatecture.com\/wp-content\/uploads\/2024\/08\/Koh_samui_34.jpg\" class=\"attachment-post-thumbnail size-post-thumbnail wp-post-image\" alt=\"\" srcset=\"https:\/\/www.heveatecture.com\/wp-content\/uploads\/2024\/08\/Koh_samui_34.jpg 1530w, https:\/\/www.heveatecture.com\/wp-content\/uploads\/2024\/08\/Koh_samui_34-300x169.jpg 300w, https:\/\/www.heveatecture.com\/wp-content\/uploads\/2024\/08\/Koh_samui_34-1024x576.jpg 1024w, https:\/\/www.heveatecture.com\/wp-content\/uploads\/2024\/08\/Koh_samui_34-768x432.jpg 768w\" sizes=\"(max-width: 1530px) 100vw, 1530px\" title=\"Project 02\" \/> <\/a> \n                                \n                                  <div class=\"htportfolio-cat-wrapper\">\n                                                                        <div class=\"htportfolio_filter_content\">\n                                                                                        <h5>\n                                            <a href=\"https:\/\/www.heveatecture.com\/de\/ht_portfolios\/project-02\/\">Project 02<\/a>\n                                            <\/h5>\n                                                                                                                                <\/div>\n\n                                                                <\/div>\n                                                             <\/div>\n                                                    <\/div>\n                                                <div class=\"htportfolio-filter_item_box htportfolio-grid-item villa \">\n                              \n                            <div class=\"htportfolio-ft_item_image\">\n\n                                                               <a href=\"https:\/\/www.heveatecture.com\/de\/ht_portfolios\/project-01\/\"><img decoding=\"async\" width=\"1280\" height=\"853\" src=\"https:\/\/www.heveatecture.com\/wp-content\/uploads\/2024\/08\/Koh_samui_05.jpg\" class=\"attachment-post-thumbnail size-post-thumbnail wp-post-image\" alt=\"\" srcset=\"https:\/\/www.heveatecture.com\/wp-content\/uploads\/2024\/08\/Koh_samui_05.jpg 1280w, https:\/\/www.heveatecture.com\/wp-content\/uploads\/2024\/08\/Koh_samui_05-300x200.jpg 300w, https:\/\/www.heveatecture.com\/wp-content\/uploads\/2024\/08\/Koh_samui_05-1024x682.jpg 1024w, https:\/\/www.heveatecture.com\/wp-content\/uploads\/2024\/08\/Koh_samui_05-768x512.jpg 768w\" sizes=\"(max-width: 1280px) 100vw, 1280px\" title=\"Project 01\" \/> <\/a> \n                                \n                                  <div class=\"htportfolio-cat-wrapper\">\n                                                                        <div class=\"htportfolio_filter_content\">\n                                                                                        <h5>\n                                            <a href=\"https:\/\/www.heveatecture.com\/de\/ht_portfolios\/project-01\/\">Project 01<\/a>\n                                            <\/h5>\n                                                                                                                                <\/div>\n\n                                                                <\/div>\n                                                             <\/div>\n                                                    <\/div>\n                                                <div class=\"htportfolio-filter_item_box htportfolio-grid-item beach villa \">\n                              \n                            <div class=\"htportfolio-ft_item_image\">\n\n                                                               <a href=\"https:\/\/www.heveatecture.com\/de\/ht_portfolios\/project-03\/\"><img decoding=\"async\" width=\"1024\" height=\"768\" src=\"https:\/\/www.heveatecture.com\/wp-content\/uploads\/2024\/08\/Koh_samui_06.jpg\" class=\"attachment-post-thumbnail size-post-thumbnail wp-post-image\" alt=\"\" srcset=\"https:\/\/www.heveatecture.com\/wp-content\/uploads\/2024\/08\/Koh_samui_06.jpg 1024w, https:\/\/www.heveatecture.com\/wp-content\/uploads\/2024\/08\/Koh_samui_06-300x225.jpg 300w, https:\/\/www.heveatecture.com\/wp-content\/uploads\/2024\/08\/Koh_samui_06-768x576.jpg 768w, https:\/\/www.heveatecture.com\/wp-content\/uploads\/2024\/08\/Koh_samui_06-580x436.jpg 580w\" sizes=\"(max-width: 1024px) 100vw, 1024px\" title=\"Project 03\" \/> <\/a> \n                                \n                                  <div class=\"htportfolio-cat-wrapper\">\n                                                                        <div class=\"htportfolio_filter_content\">\n                                                                                        <h5>\n                                            <a href=\"https:\/\/www.heveatecture.com\/de\/ht_portfolios\/project-03\/\">Project 03<\/a>\n                                            <\/h5>\n                                                                                                                                <\/div>\n\n                                                                <\/div>\n                                                             <\/div>\n                                                    <\/div>\n                                            <\/div>\n                <\/div>\n                                            <\/div>\n\n    <style>\n          .wida791e09.all_item_wrapper{\n            margin: -0px;\n        }\n         .wida791e09 .htportfolio-filter_item_box{\n            padding:0px;\n        }\n                 .wida791e09 .htportfolio-filter_item_box{\n            width:33.333333333333%;\n        }\n\n        @media only screen and (min-width: 768px) and (max-width: 991px) {\n            .wida791e09 .htportfolio-filter_item_box{\n                width:50%;\n            }\n        }\n        @media (max-width: 767px) {\n            .wida791e09 .htportfolio-filter_item_box{\n                width:50%;\n            }\n        }\n        @media (max-width: 575px) {\n           .wida791e09 .htportfolio-filter_item_box{\n                width: 100%;\n            }\n        }    \n    <\/style>\n\n        <script type=\"text\/javascript\">\n        \n            jQuery(document).ready(function($) {\n\n                \/\/ images have loaded\n                $('.ft_item-style.wida791e09').imagesLoaded( function() {\n\n                  \/\/ Isotop Active\n                  $('.htportfolio-filter-menu-list.wida791e09').on( 'click', 'button', function() {\n                    var filterValue = $(this).attr('data-filter');\n                    $grid.isotope({ filter: filterValue });\n                  });\n\n                  \/\/ Isotop Full Grid\n                  var $grid = $('.grid-active.wida791e09').isotope({\n                    itemSelector: '.htportfolio-grid-item',\n                    percentPosition: true,\n                    masonry: {\n                    columnWidth: 1\n                    }\n                  });\n                  \/\/ Isotop Menu Active\n                  $('.htportfolio-filter-menu-list button').on('click', function(event) {\n                        $(this).siblings('.is-checked').removeClass('is-checked');\n                        $(this).addClass('is-checked');\n                        event.preventDefault();\n                    });\n                  \/\/ Image Popup Fancy Active\n                  $(\".htportfolio_pro_popup\").fancybox();\n\n                    $(\".various\").fancybox({\n                        maxWidth    : 800,\n                        maxHeight   : 600,\n                        fitToView   : false,\n                        width       : '70%',\n                        height      : '70%',\n                        autoSize    : false,\n                        closeClick  : false,\n                        openEffect  : 'none',\n                        closeEffect : 'none'\n                    });\n                });\n                \n            });\n\n        <\/script>\n        \t\t\t\t<\/div>\n\t\t\t\t<\/div>\n\t\t\t\t\t<\/div>\n\t\t<\/div>\n\t\t\t\t\t<\/div>\n\t\t<\/section>\n\t\t\t\t<section class=\"elementor-section elementor-top-section elementor-element elementor-element-4990fdef elementor-section-boxed elementor-section-height-default elementor-section-height-default\" data-id=\"4990fdef\" data-element_type=\"section\" data-e-type=\"section\" data-settings=\"{&quot;background_background&quot;:&quot;classic&quot;}\">\n\t\t\t\t\t\t\t<div class=\"elementor-background-overlay\"><\/div>\n\t\t\t\t\t\t\t<div class=\"elementor-container elementor-column-gap-default\">\n\t\t\t\t\t<div class=\"elementor-column elementor-col-100 elementor-top-column elementor-element elementor-element-6a9e277b\" data-id=\"6a9e277b\" data-element_type=\"column\" data-e-type=\"column\">\n\t\t\t<div class=\"elementor-widget-wrap elementor-element-populated\">\n\t\t\t\t\t\t<div class=\"elementor-element elementor-element-1de1ced9 elementor-widget__width-initial elementor-widget elementor-widget-heading\" data-id=\"1de1ced9\" data-element_type=\"widget\" data-e-type=\"widget\" data-widget_type=\"heading.default\">\n\t\t\t\t<div class=\"elementor-widget-container\">\n\t\t\t\t\t<h2 class=\"elementor-heading-title elementor-size-default\">Vereinbaren Sie eine<br><b>kostenlose Beratung<\/b><\/h2>\t\t\t\t<\/div>\n\t\t\t\t<\/div>\n\t\t\t\t<div class=\"elementor-element elementor-element-1d9009c6 elementor-align-center elementor-widget elementor-widget-button\" data-id=\"1d9009c6\" data-element_type=\"widget\" data-e-type=\"widget\" data-widget_type=\"button.default\">\n\t\t\t\t<div class=\"elementor-widget-container\">\n\t\t\t\t\t\t\t\t\t<div class=\"elementor-button-wrapper\">\n\t\t\t\t\t<a class=\"elementor-button elementor-button-link elementor-size-sm\" href=\"https:\/\/www.heveatecture.com\/de\/kontakt\/#rdv\">\n\t\t\t\t\t\t<span class=\"elementor-button-content-wrapper\">\n\t\t\t\t\t\t\t\t\t<span class=\"elementor-button-text\">Jetzt anfragen<\/span>\n\t\t\t\t\t<\/span>\n\t\t\t\t\t<\/a>\n\t\t\t\t<\/div>\n\t\t\t\t\t\t\t\t<\/div>\n\t\t\t\t<\/div>\n\t\t\t\t\t<\/div>\n\t\t<\/div>\n\t\t\t\t\t<\/div>\n\t\t<\/section>\n\t\t\t\t<\/div>\n\t\t","protected":false},"excerpt":{"rendered":"<p>SEHEN SIE SICHUNSER PORTFOLIO AN Unsere bestenProjekte Entdecken Sie die einzigartigen Kreationen der architektonischen Meisterwerke von Heveatecture Unser Portfolio pr\u00e4sentiert au\u00dfergew\u00f6hnliche Villen, die eine Mischung aus Eleganz, Innovation und Praktikabilit\u00e4t widerspiegeln. Von schlanken modernen Designs bis hin zu luxuri\u00f6sen tropischen Konzepten zeigt jedes Projekt unser Engagement f\u00fcr erstklassiges Wohnen. Unser erfahrenes Team aus Architekten und<\/p>\n","protected":false},"author":1,"featured_media":0,"parent":0,"menu_order":0,"comment_status":"closed","ping_status":"closed","template":"elementor_header_footer","meta":{"_rtcl_gb_attr":"","footnotes":""},"class_list":["post-36721","page","type-page","status-publish","hentry"],"yoast_head":"<!-- This site is optimized with the Yoast SEO plugin v27.4 - https:\/\/yoast.com\/product\/yoast-seo-wordpress\/ -->\n<title>Portfolio - Heveatecture<\/title>\n<meta name=\"description\" content=\"Entdecken Sie das Portfolio von Heveatecture mit luxuri\u00f6sen Villendesigns und abgeschlossenen Bauprojekten, die Qualit\u00e4t und Innovation hervorheben.\" \/>\n<meta name=\"robots\" content=\"index, follow, max-snippet:-1, max-image-preview:large, max-video-preview:-1\" \/>\n<link rel=\"canonical\" href=\"https:\/\/www.heveatecture.com\/portfolio\/\" \/>\n<meta property=\"og:locale\" content=\"de_DE\" \/>\n<meta property=\"og:type\" content=\"article\" \/>\n<meta property=\"og:title\" content=\"Portfolio - Heveatecture\" \/>\n<meta property=\"og:description\" content=\"Entdecken Sie das Portfolio von Heveatecture mit luxuri\u00f6sen Villendesigns und abgeschlossenen Bauprojekten, die Qualit\u00e4t und Innovation hervorheben.\" \/>\n<meta property=\"og:url\" content=\"https:\/\/www.heveatecture.com\/portfolio\/\" \/>\n<meta property=\"og:site_name\" content=\"Heveatecture\" \/>\n<meta property=\"article:publisher\" content=\"https:\/\/www.facebook.com\/profile.php?id=61565099340708\" \/>\n<meta property=\"article:modified_time\" content=\"2025-10-21T03:54:25+00:00\" \/>\n<meta property=\"og:image\" content=\"https:\/\/www.heveatecture.com\/wp-content\/uploads\/2024\/08\/Koh_samui_34.jpg\" \/>\n<meta name=\"twitter:card\" content=\"summary_large_image\" \/>\n<meta name=\"twitter:label1\" content=\"Gesch\u00e4tzte Lesezeit\" \/>\n\t<meta name=\"twitter:data1\" content=\"1\u00a0Minute\" \/>\n<script type=\"application\/ld+json\" class=\"yoast-schema-graph\">{\"@context\":\"https:\\\/\\\/schema.org\",\"@graph\":[{\"@type\":\"WebPage\",\"@id\":\"https:\\\/\\\/www.heveatecture.com\\\/portfolio\\\/\",\"url\":\"https:\\\/\\\/www.heveatecture.com\\\/portfolio\\\/\",\"name\":\"Portfolio - Heveatecture\",\"isPartOf\":{\"@id\":\"https:\\\/\\\/www.heveatecture.com\\\/#website\"},\"primaryImageOfPage\":{\"@id\":\"https:\\\/\\\/www.heveatecture.com\\\/portfolio\\\/#primaryimage\"},\"image\":{\"@id\":\"https:\\\/\\\/www.heveatecture.com\\\/portfolio\\\/#primaryimage\"},\"thumbnailUrl\":\"https:\\\/\\\/www.heveatecture.com\\\/wp-content\\\/uploads\\\/2024\\\/08\\\/Koh_samui_34.jpg\",\"datePublished\":\"2024-08-28T14:02:05+00:00\",\"dateModified\":\"2025-10-21T03:54:25+00:00\",\"description\":\"Entdecken Sie das Portfolio von Heveatecture mit luxuri\u00f6sen Villendesigns und abgeschlossenen Bauprojekten, die Qualit\u00e4t und Innovation hervorheben.\",\"breadcrumb\":{\"@id\":\"https:\\\/\\\/www.heveatecture.com\\\/portfolio\\\/#breadcrumb\"},\"inLanguage\":\"de\",\"potentialAction\":[{\"@type\":\"ReadAction\",\"target\":[\"https:\\\/\\\/www.heveatecture.com\\\/portfolio\\\/\"]}]},{\"@type\":\"ImageObject\",\"inLanguage\":\"de\",\"@id\":\"https:\\\/\\\/www.heveatecture.com\\\/portfolio\\\/#primaryimage\",\"url\":\"https:\\\/\\\/www.heveatecture.com\\\/wp-content\\\/uploads\\\/2024\\\/08\\\/Koh_samui_34.jpg\",\"contentUrl\":\"https:\\\/\\\/www.heveatecture.com\\\/wp-content\\\/uploads\\\/2024\\\/08\\\/Koh_samui_34.jpg\"},{\"@type\":\"BreadcrumbList\",\"@id\":\"https:\\\/\\\/www.heveatecture.com\\\/portfolio\\\/#breadcrumb\",\"itemListElement\":[{\"@type\":\"ListItem\",\"position\":1,\"name\":\"Home\",\"item\":\"https:\\\/\\\/www.heveatecture.com\\\/\"},{\"@type\":\"ListItem\",\"position\":2,\"name\":\"Portfolio\"}]},{\"@type\":\"WebSite\",\"@id\":\"https:\\\/\\\/www.heveatecture.com\\\/#website\",\"url\":\"https:\\\/\\\/www.heveatecture.com\\\/\",\"name\":\"Heveatecture\",\"description\":\"Invest in Koh Samui\",\"publisher\":{\"@id\":\"https:\\\/\\\/www.heveatecture.com\\\/#organization\"},\"potentialAction\":[{\"@type\":\"SearchAction\",\"target\":{\"@type\":\"EntryPoint\",\"urlTemplate\":\"https:\\\/\\\/www.heveatecture.com\\\/?s={search_term_string}\"},\"query-input\":{\"@type\":\"PropertyValueSpecification\",\"valueRequired\":true,\"valueName\":\"search_term_string\"}}],\"inLanguage\":\"de\"},{\"@type\":\"Organization\",\"@id\":\"https:\\\/\\\/www.heveatecture.com\\\/#organization\",\"name\":\"Heveatecture\",\"url\":\"https:\\\/\\\/www.heveatecture.com\\\/\",\"logo\":{\"@type\":\"ImageObject\",\"inLanguage\":\"de\",\"@id\":\"https:\\\/\\\/www.heveatecture.com\\\/#\\\/schema\\\/logo\\\/image\\\/\",\"url\":\"https:\\\/\\\/www.heveatecture.com\\\/wp-content\\\/uploads\\\/2024\\\/08\\\/Logo_Transparent.png\",\"contentUrl\":\"https:\\\/\\\/www.heveatecture.com\\\/wp-content\\\/uploads\\\/2024\\\/08\\\/Logo_Transparent.png\",\"width\":766,\"height\":120,\"caption\":\"Heveatecture\"},\"image\":{\"@id\":\"https:\\\/\\\/www.heveatecture.com\\\/#\\\/schema\\\/logo\\\/image\\\/\"},\"sameAs\":[\"https:\\\/\\\/www.facebook.com\\\/profile.php?id=61565099340708\"]}]}<\/script>\n<!-- \/ Yoast SEO plugin. -->","yoast_head_json":{"title":"Portfolio - Heveatecture","description":"Entdecken Sie das Portfolio von Heveatecture mit luxuri\u00f6sen Villendesigns und abgeschlossenen Bauprojekten, die Qualit\u00e4t und Innovation hervorheben.","robots":{"index":"index","follow":"follow","max-snippet":"max-snippet:-1","max-image-preview":"max-image-preview:large","max-video-preview":"max-video-preview:-1"},"canonical":"https:\/\/www.heveatecture.com\/portfolio\/","og_locale":"de_DE","og_type":"article","og_title":"Portfolio - Heveatecture","og_description":"Entdecken Sie das Portfolio von Heveatecture mit luxuri\u00f6sen Villendesigns und abgeschlossenen Bauprojekten, die Qualit\u00e4t und Innovation hervorheben.","og_url":"https:\/\/www.heveatecture.com\/portfolio\/","og_site_name":"Heveatecture","article_publisher":"https:\/\/www.facebook.com\/profile.php?id=61565099340708","article_modified_time":"2025-10-21T03:54:25+00:00","og_image":[{"url":"https:\/\/www.heveatecture.com\/wp-content\/uploads\/2024\/08\/Koh_samui_34.jpg","type":"","width":"","height":""}],"twitter_card":"summary_large_image","twitter_misc":{"Gesch\u00e4tzte Lesezeit":"1\u00a0Minute"},"schema":{"@context":"https:\/\/schema.org","@graph":[{"@type":"WebPage","@id":"https:\/\/www.heveatecture.com\/portfolio\/","url":"https:\/\/www.heveatecture.com\/portfolio\/","name":"Portfolio - Heveatecture","isPartOf":{"@id":"https:\/\/www.heveatecture.com\/#website"},"primaryImageOfPage":{"@id":"https:\/\/www.heveatecture.com\/portfolio\/#primaryimage"},"image":{"@id":"https:\/\/www.heveatecture.com\/portfolio\/#primaryimage"},"thumbnailUrl":"https:\/\/www.heveatecture.com\/wp-content\/uploads\/2024\/08\/Koh_samui_34.jpg","datePublished":"2024-08-28T14:02:05+00:00","dateModified":"2025-10-21T03:54:25+00:00","description":"Entdecken Sie das Portfolio von Heveatecture mit luxuri\u00f6sen Villendesigns und abgeschlossenen Bauprojekten, die Qualit\u00e4t und Innovation hervorheben.","breadcrumb":{"@id":"https:\/\/www.heveatecture.com\/portfolio\/#breadcrumb"},"inLanguage":"de","potentialAction":[{"@type":"ReadAction","target":["https:\/\/www.heveatecture.com\/portfolio\/"]}]},{"@type":"ImageObject","inLanguage":"de","@id":"https:\/\/www.heveatecture.com\/portfolio\/#primaryimage","url":"https:\/\/www.heveatecture.com\/wp-content\/uploads\/2024\/08\/Koh_samui_34.jpg","contentUrl":"https:\/\/www.heveatecture.com\/wp-content\/uploads\/2024\/08\/Koh_samui_34.jpg"},{"@type":"BreadcrumbList","@id":"https:\/\/www.heveatecture.com\/portfolio\/#breadcrumb","itemListElement":[{"@type":"ListItem","position":1,"name":"Home","item":"https:\/\/www.heveatecture.com\/"},{"@type":"ListItem","position":2,"name":"Portfolio"}]},{"@type":"WebSite","@id":"https:\/\/www.heveatecture.com\/#website","url":"https:\/\/www.heveatecture.com\/","name":"Heveatecture","description":"Invest in Koh Samui","publisher":{"@id":"https:\/\/www.heveatecture.com\/#organization"},"potentialAction":[{"@type":"SearchAction","target":{"@type":"EntryPoint","urlTemplate":"https:\/\/www.heveatecture.com\/?s={search_term_string}"},"query-input":{"@type":"PropertyValueSpecification","valueRequired":true,"valueName":"search_term_string"}}],"inLanguage":"de"},{"@type":"Organization","@id":"https:\/\/www.heveatecture.com\/#organization","name":"Heveatecture","url":"https:\/\/www.heveatecture.com\/","logo":{"@type":"ImageObject","inLanguage":"de","@id":"https:\/\/www.heveatecture.com\/#\/schema\/logo\/image\/","url":"https:\/\/www.heveatecture.com\/wp-content\/uploads\/2024\/08\/Logo_Transparent.png","contentUrl":"https:\/\/www.heveatecture.com\/wp-content\/uploads\/2024\/08\/Logo_Transparent.png","width":766,"height":120,"caption":"Heveatecture"},"image":{"@id":"https:\/\/www.heveatecture.com\/#\/schema\/logo\/image\/"},"sameAs":["https:\/\/www.facebook.com\/profile.php?id=61565099340708"]}]}},"_links":{"self":[{"href":"https:\/\/www.heveatecture.com\/de\/wp-json\/wp\/v2\/pages\/36721","targetHints":{"allow":["GET"]}}],"collection":[{"href":"https:\/\/www.heveatecture.com\/de\/wp-json\/wp\/v2\/pages"}],"about":[{"href":"https:\/\/www.heveatecture.com\/de\/wp-json\/wp\/v2\/types\/page"}],"author":[{"embeddable":true,"href":"https:\/\/www.heveatecture.com\/de\/wp-json\/wp\/v2\/users\/1"}],"replies":[{"embeddable":true,"href":"https:\/\/www.heveatecture.com\/de\/wp-json\/wp\/v2\/comments?post=36721"}],"version-history":[{"count":2,"href":"https:\/\/www.heveatecture.com\/de\/wp-json\/wp\/v2\/pages\/36721\/revisions"}],"predecessor-version":[{"id":36958,"href":"https:\/\/www.heveatecture.com\/de\/wp-json\/wp\/v2\/pages\/36721\/revisions\/36958"}],"wp:attachment":[{"href":"https:\/\/www.heveatecture.com\/de\/wp-json\/wp\/v2\/media?parent=36721"}],"curies":[{"name":"wp","href":"https:\/\/api.w.org\/{rel}","templated":true}]}}