{"id":36723,"date":"2024-08-28T13:35:03","date_gmt":"2024-08-28T11:35:03","guid":{"rendered":"https:\/\/www.heveatecture.com\/datenschutzrichtlinie\/"},"modified":"2025-08-13T04:50:39","modified_gmt":"2025-08-13T02:50:39","slug":"datenschutzrichtlinie","status":"publish","type":"page","link":"https:\/\/www.heveatecture.com\/de\/datenschutzrichtlinie\/","title":{"rendered":"Datenschutzrichtlinie"},"content":{"rendered":"\t\t<div data-elementor-type=\"wp-page\" data-elementor-id=\"36723\" class=\"elementor elementor-36723 elementor-3\" data-elementor-post-type=\"page\">\n\t\t\t\t\t\t<section class=\"elementor-section elementor-top-section elementor-element elementor-element-3e103ae9 elementor-section-height-min-height elementor-section-boxed elementor-section-height-default elementor-section-items-middle\" data-id=\"3e103ae9\" data-element_type=\"section\" data-e-type=\"section\" data-settings=\"{&quot;background_background&quot;:&quot;classic&quot;}\">\n\t\t\t\t\t\t\t<div class=\"elementor-background-overlay\"><\/div>\n\t\t\t\t\t\t\t<div class=\"elementor-container elementor-column-gap-default\">\n\t\t\t\t\t<div class=\"elementor-column elementor-col-100 elementor-top-column elementor-element elementor-element-3dc176d9\" data-id=\"3dc176d9\" data-element_type=\"column\" data-e-type=\"column\">\n\t\t\t<div class=\"elementor-widget-wrap elementor-element-populated\">\n\t\t\t\t\t\t<div class=\"elementor-element elementor-element-5b7fd642 elementor-widget elementor-widget-heading\" data-id=\"5b7fd642\" data-element_type=\"widget\" data-e-type=\"widget\" data-widget_type=\"heading.default\">\n\t\t\t\t<div class=\"elementor-widget-container\">\n\t\t\t\t\t<h2 class=\"elementor-heading-title elementor-size-default\">DATENSCHUTZ<br><b>RICHTLINIE<\/b><\/h2>\t\t\t\t<\/div>\n\t\t\t\t<\/div>\n\t\t\t\t\t<\/div>\n\t\t<\/div>\n\t\t\t\t\t<\/div>\n\t\t<\/section>\n\t\t\t\t<section class=\"elementor-section elementor-top-section elementor-element elementor-element-bdf7fc4 elementor-section-content-middle elementor-section-boxed elementor-section-height-default elementor-section-height-default\" data-id=\"bdf7fc4\" data-element_type=\"section\" data-e-type=\"section\">\n\t\t\t\t\t\t<div class=\"elementor-container elementor-column-gap-default\">\n\t\t\t\t\t<div class=\"elementor-column elementor-col-100 elementor-top-column elementor-element elementor-element-27034c2b\" data-id=\"27034c2b\" data-element_type=\"column\" data-e-type=\"column\">\n\t\t\t<div class=\"elementor-widget-wrap elementor-element-populated\">\n\t\t\t\t\t\t<div class=\"elementor-element elementor-element-63ca8fe7 elementor-widget elementor-widget-text-editor\" data-id=\"63ca8fe7\" data-element_type=\"widget\" data-e-type=\"widget\" data-widget_type=\"text-editor.default\">\n\t\t\t\t<div class=\"elementor-widget-container\">\n\t\t\t\t\t\t\t\t\t<br><h2>Wer wir sind<\/h2><br>Unsere Website-Adresse lautet: <a href=\"https:\/\/www.heveatecture.com\/de\/\">https:\/\/www.heveatecture.com<\/a>.<br><br> <br><h2><\/h2><br><h2>Kommentare<\/h2><br>Wenn Besucher Kommentare auf der Website hinterlassen, sammeln wir die im Kommentarfeld angegebenen Daten sowie die IP-Adresse des Besuchers und die Browser-User-Agent-Kennung, um Spam zu erkennen.<br><br>Ein anonymisierter String, der aus Ihrer E-Mail-Adresse erstellt wird (auch Hash genannt), kann dem Gravatar-Dienst zur Verf\u00fcgung gestellt werden, um zu pr\u00fcfen, ob Sie diesen Dienst nutzen. Die Datenschutzrichtlinie des Gravatar-Dienstes finden Sie hier: <a href=\"https:\/\/automattic.com\/privacy\/\">https:\/\/automattic.com\/privacy\/<\/a>. Nach der Freigabe Ihres Kommentars ist Ihr Profilbild im Zusammenhang mit Ihrem Kommentar \u00f6ffentlich sichtbar.<br><br> <br><h2><\/h2><br><h2>Medien<\/h2><br>Wenn Sie Bilder auf die Website hochladen, sollten Sie vermeiden, Bilder mit eingebetteten Standortdaten (EXIF GPS) hochzuladen. Besucher der Website k\u00f6nnen diese Standortdaten aus den Bildern herunterladen und extrahieren.<br><br>&nbsp;<br><h2>Cookies<\/h2><br>Wenn Sie einen Kommentar auf unserer Seite hinterlassen, k\u00f6nnen Sie zustimmen, dass Ihr Name, Ihre E-Mail-Adresse und Ihre Website in Cookies gespeichert werden. Dies dient Ihrem Komfort, damit Sie Ihre Daten nicht erneut eingeben m\u00fcssen, wenn Sie einen weiteren Kommentar hinterlassen. Diese Cookies bleiben ein Jahr lang aktiv.<br><br>Wenn Sie unsere Anmeldeseite besuchen, setzen wir ein tempor\u00e4res Cookie, um festzustellen, ob Ihr Browser Cookies akzeptiert. Dieses Cookie enth\u00e4lt keine pers\u00f6nlichen Daten und wird gel\u00f6scht, wenn Sie Ihren Browser schlie\u00dfen.<br><br>Wenn Sie sich anmelden, richten wir mehrere Cookies ein, um Ihre Anmeldeinformationen und Ihre Anzeigeeinstellungen zu speichern. Anmelde-Cookies sind zwei Tage g\u00fcltig, Cookies f\u00fcr Anzeigeoptionen ein Jahr. Wenn Sie &#8222;Angemeldet bleiben&#8220; w\u00e4hlen, bleibt Ihre Anmeldung zwei Wochen bestehen. Wenn Sie sich abmelden, werden die Anmelde-Cookies entfernt.<br><br>Wenn Sie einen Artikel bearbeiten oder ver\u00f6ffentlichen, wird ein zus\u00e4tzliches Cookie in Ihrem Browser gespeichert. Dieses Cookie enth\u00e4lt keine pers\u00f6nlichen Daten und zeigt lediglich die Beitrags-ID des gerade bearbeiteten Artikels an. Es l\u00e4uft nach einem Tag ab.<br><br> <br><h2><\/h2><br><h2>Eingebettete Inhalte von anderen Websites<\/h2><br>Artikel auf dieser Seite k\u00f6nnen eingebettete Inhalte enthalten (z. B. Videos, Bilder, Artikel usw.). Eingebettete Inhalte von anderen Websites verhalten sich genauso, als ob der Besucher die andere Website direkt besucht h\u00e4tte.<br><br>Diese Websites k\u00f6nnen Daten \u00fcber Sie sammeln, Cookies verwenden, zus\u00e4tzliche Tracking-Dienste von Drittanbietern einbetten und Ihre Interaktionen mit den eingebetteten Inhalten \u00fcberwachen, einschlie\u00dflich der Verfolgung Ihrer Interaktionen, falls Sie ein Konto haben und auf dieser Website angemeldet sind.<br><h2 class=\"wp-block-heading\"><span style=\"font-size: 16px;\">Who we share your data with<\/span><\/h2><br> <br><br>If you request a password reset, your IP address will be included in the reset email.<br><br>&nbsp;<br><br> <br><h2>Wie lange wir Ihre Daten speichern<\/h2><br>Wenn Sie einen Kommentar hinterlassen, werden der Kommentar und seine Metadaten unbegrenzt gespeichert. Dadurch k\u00f6nnen wir Folgekommentare automatisch erkennen und genehmigen, anstatt sie in einer Moderationswarteschlange zu halten.<br><br>F\u00fcr Benutzer, die sich auf unserer Website registrieren (falls vorhanden), speichern wir au\u00dferdem die pers\u00f6nlichen Informationen, die sie in ihrem Benutzerprofil angeben. Alle Benutzer k\u00f6nnen ihre pers\u00f6nlichen Informationen jederzeit einsehen, bearbeiten oder l\u00f6schen (au\u00dfer sie k\u00f6nnen ihren Benutzernamen nicht \u00e4ndern). Website-Administratoren k\u00f6nnen diese Informationen ebenfalls einsehen und bearbeiten.<br><br> <br><h2><\/h2><br><h2>Welche Rechte Sie an Ihren Daten haben<\/h2><br>Wenn Sie ein Konto auf dieser Seite haben oder Kommentare hinterlassen haben, k\u00f6nnen Sie verlangen, eine exportierte Datei der pers\u00f6nlichen Daten zu erhalten, die wir \u00fcber Sie gespeichert haben, einschlie\u00dflich aller Daten, die Sie uns zur Verf\u00fcgung gestellt haben. Sie k\u00f6nnen auch verlangen, dass wir alle pers\u00f6nlichen Daten, die wir \u00fcber Sie gespeichert haben, l\u00f6schen. Dies schlie\u00dft jedoch keine Daten ein, die wir aus administrativen, rechtlichen oder Sicherheitsgr\u00fcnden aufbewahren m\u00fcssen.<br><br>&nbsp;<br><br> <br><h2>Wohin Ihre Daten gesendet werden<\/h2><br>Besucherkommentare k\u00f6nnen durch einen automatisierten Spam-Erkennungsdienst \u00fcberpr\u00fcft werden.<br><br>\t\t\t\t\t\t\t\t<\/div>\n\t\t\t\t<\/div>\n\t\t\t\t\t<\/div>\n\t\t<\/div>\n\t\t\t\t\t<\/div>\n\t\t<\/section>\n\t\t\t\t<section class=\"elementor-section elementor-top-section elementor-element elementor-element-7c93899f elementor-section-boxed elementor-section-height-default elementor-section-height-default\" data-id=\"7c93899f\" data-element_type=\"section\" data-e-type=\"section\" data-settings=\"{&quot;background_background&quot;:&quot;classic&quot;}\">\n\t\t\t\t\t\t\t<div class=\"elementor-background-overlay\"><\/div>\n\t\t\t\t\t\t\t<div class=\"elementor-container elementor-column-gap-default\">\n\t\t\t\t\t<div class=\"elementor-column elementor-col-100 elementor-top-column elementor-element elementor-element-3e875b15\" data-id=\"3e875b15\" data-element_type=\"column\" data-e-type=\"column\">\n\t\t\t<div class=\"elementor-widget-wrap elementor-element-populated\">\n\t\t\t\t\t\t<div class=\"elementor-element elementor-element-4f15e4e2 elementor-widget__width-initial elementor-widget elementor-widget-heading\" data-id=\"4f15e4e2\" data-element_type=\"widget\" data-e-type=\"widget\" data-widget_type=\"heading.default\">\n\t\t\t\t<div class=\"elementor-widget-container\">\n\t\t\t\t\t<h2 class=\"elementor-heading-title elementor-size-default\">Vereinbaren Sie eine<br><b>kostenlose Beratung<\/b><\/h2>\t\t\t\t<\/div>\n\t\t\t\t<\/div>\n\t\t\t\t<div class=\"elementor-element elementor-element-7d007ec2 elementor-align-center elementor-widget elementor-widget-button\" data-id=\"7d007ec2\" data-element_type=\"widget\" data-e-type=\"widget\" data-widget_type=\"button.default\">\n\t\t\t\t<div class=\"elementor-widget-container\">\n\t\t\t\t\t\t\t\t\t<div class=\"elementor-button-wrapper\">\n\t\t\t\t\t<a class=\"elementor-button elementor-button-link elementor-size-sm\" href=\"https:\/\/www.heveatecture.com\/de\/kontakt\/#rdv\">\n\t\t\t\t\t\t<span class=\"elementor-button-content-wrapper\">\n\t\t\t\t\t\t\t\t\t<span class=\"elementor-button-text\">Jetzt anfragen<\/span>\n\t\t\t\t\t<\/span>\n\t\t\t\t\t<\/a>\n\t\t\t\t<\/div>\n\t\t\t\t\t\t\t\t<\/div>\n\t\t\t\t<\/div>\n\t\t\t\t\t<\/div>\n\t\t<\/div>\n\t\t\t\t\t<\/div>\n\t\t<\/section>\n\t\t\t\t<\/div>\n\t\t","protected":false},"excerpt":{"rendered":"<p>DATENSCHUTZRICHTLINIE Wer wir sind Unsere Website-Adresse lautet: https:\/\/www.heveatecture.com. Kommentare Wenn Besucher Kommentare auf der Website hinterlassen, sammeln wir die im Kommentarfeld angegebenen Daten sowie die IP-Adresse des Besuchers und die Browser-User-Agent-Kennung, um Spam zu erkennen. Ein anonymisierter String, der aus Ihrer E-Mail-Adresse erstellt wird (auch Hash genannt), kann dem Gravatar-Dienst zur Verf\u00fcgung gestellt werden, um<\/p>\n","protected":false},"author":1,"featured_media":0,"parent":0,"menu_order":0,"comment_status":"closed","ping_status":"closed","template":"elementor_header_footer","meta":{"_rtcl_gb_attr":"","footnotes":""},"class_list":["post-36723","page","type-page","status-publish","hentry"],"yoast_head":"<!-- This site is optimized with the Yoast SEO plugin v27.4 - https:\/\/yoast.com\/product\/yoast-seo-wordpress\/ -->\n<title>Datenschutzrichtlinie - Heveatecture<\/title>\n<meta name=\"description\" content=\"Lesen Sie die Datenschutzrichtlinie von Heveatecture, um zu verstehen, wie wir Ihre pers\u00f6nlichen Daten sch\u00fctzen und eine sichere Informationsverarbeitung gew\u00e4hrleisten.\" \/>\n<meta name=\"robots\" content=\"index, follow, max-snippet:-1, max-image-preview:large, max-video-preview:-1\" \/>\n<link rel=\"canonical\" href=\"https:\/\/www.heveatecture.com\/privacy-policy\/\" \/>\n<meta property=\"og:locale\" content=\"de_DE\" \/>\n<meta property=\"og:type\" content=\"article\" \/>\n<meta property=\"og:title\" content=\"Datenschutzrichtlinie - Heveatecture\" \/>\n<meta property=\"og:description\" content=\"Lesen Sie die Datenschutzrichtlinie von Heveatecture, um zu verstehen, wie wir Ihre pers\u00f6nlichen Daten sch\u00fctzen und eine sichere Informationsverarbeitung gew\u00e4hrleisten.\" \/>\n<meta property=\"og:url\" content=\"https:\/\/www.heveatecture.com\/privacy-policy\/\" \/>\n<meta property=\"og:site_name\" content=\"Heveatecture\" \/>\n<meta property=\"article:publisher\" content=\"https:\/\/www.facebook.com\/profile.php?id=61565099340708\" \/>\n<meta property=\"article:modified_time\" content=\"2025-08-13T02:50:39+00:00\" \/>\n<meta name=\"twitter:card\" content=\"summary_large_image\" \/>\n<meta name=\"twitter:label1\" content=\"Gesch\u00e4tzte Lesezeit\" \/>\n\t<meta name=\"twitter:data1\" content=\"3\u00a0Minuten\" \/>\n<script type=\"application\/ld+json\" class=\"yoast-schema-graph\">{\"@context\":\"https:\\\/\\\/schema.org\",\"@graph\":[{\"@type\":\"WebPage\",\"@id\":\"https:\\\/\\\/www.heveatecture.com\\\/privacy-policy\\\/\",\"url\":\"https:\\\/\\\/www.heveatecture.com\\\/privacy-policy\\\/\",\"name\":\"Datenschutzrichtlinie - Heveatecture\",\"isPartOf\":{\"@id\":\"https:\\\/\\\/www.heveatecture.com\\\/#website\"},\"datePublished\":\"2024-08-28T11:35:03+00:00\",\"dateModified\":\"2025-08-13T02:50:39+00:00\",\"description\":\"Lesen Sie die Datenschutzrichtlinie von Heveatecture, um zu verstehen, wie wir Ihre pers\u00f6nlichen Daten sch\u00fctzen und eine sichere Informationsverarbeitung gew\u00e4hrleisten.\",\"breadcrumb\":{\"@id\":\"https:\\\/\\\/www.heveatecture.com\\\/privacy-policy\\\/#breadcrumb\"},\"inLanguage\":\"de\",\"potentialAction\":[{\"@type\":\"ReadAction\",\"target\":[\"https:\\\/\\\/www.heveatecture.com\\\/privacy-policy\\\/\"]}]},{\"@type\":\"BreadcrumbList\",\"@id\":\"https:\\\/\\\/www.heveatecture.com\\\/privacy-policy\\\/#breadcrumb\",\"itemListElement\":[{\"@type\":\"ListItem\",\"position\":1,\"name\":\"Home\",\"item\":\"https:\\\/\\\/www.heveatecture.com\\\/\"},{\"@type\":\"ListItem\",\"position\":2,\"name\":\"Datenschutzrichtlinie\"}]},{\"@type\":\"WebSite\",\"@id\":\"https:\\\/\\\/www.heveatecture.com\\\/#website\",\"url\":\"https:\\\/\\\/www.heveatecture.com\\\/\",\"name\":\"Heveatecture\",\"description\":\"Invest in Koh Samui\",\"publisher\":{\"@id\":\"https:\\\/\\\/www.heveatecture.com\\\/#organization\"},\"potentialAction\":[{\"@type\":\"SearchAction\",\"target\":{\"@type\":\"EntryPoint\",\"urlTemplate\":\"https:\\\/\\\/www.heveatecture.com\\\/?s={search_term_string}\"},\"query-input\":{\"@type\":\"PropertyValueSpecification\",\"valueRequired\":true,\"valueName\":\"search_term_string\"}}],\"inLanguage\":\"de\"},{\"@type\":\"Organization\",\"@id\":\"https:\\\/\\\/www.heveatecture.com\\\/#organization\",\"name\":\"Heveatecture\",\"url\":\"https:\\\/\\\/www.heveatecture.com\\\/\",\"logo\":{\"@type\":\"ImageObject\",\"inLanguage\":\"de\",\"@id\":\"https:\\\/\\\/www.heveatecture.com\\\/#\\\/schema\\\/logo\\\/image\\\/\",\"url\":\"https:\\\/\\\/www.heveatecture.com\\\/wp-content\\\/uploads\\\/2024\\\/08\\\/Logo_Transparent.png\",\"contentUrl\":\"https:\\\/\\\/www.heveatecture.com\\\/wp-content\\\/uploads\\\/2024\\\/08\\\/Logo_Transparent.png\",\"width\":766,\"height\":120,\"caption\":\"Heveatecture\"},\"image\":{\"@id\":\"https:\\\/\\\/www.heveatecture.com\\\/#\\\/schema\\\/logo\\\/image\\\/\"},\"sameAs\":[\"https:\\\/\\\/www.facebook.com\\\/profile.php?id=61565099340708\"]}]}<\/script>\n<!-- \/ Yoast SEO plugin. -->","yoast_head_json":{"title":"Datenschutzrichtlinie - Heveatecture","description":"Lesen Sie die Datenschutzrichtlinie von Heveatecture, um zu verstehen, wie wir Ihre pers\u00f6nlichen Daten sch\u00fctzen und eine sichere Informationsverarbeitung gew\u00e4hrleisten.","robots":{"index":"index","follow":"follow","max-snippet":"max-snippet:-1","max-image-preview":"max-image-preview:large","max-video-preview":"max-video-preview:-1"},"canonical":"https:\/\/www.heveatecture.com\/privacy-policy\/","og_locale":"de_DE","og_type":"article","og_title":"Datenschutzrichtlinie - Heveatecture","og_description":"Lesen Sie die Datenschutzrichtlinie von Heveatecture, um zu verstehen, wie wir Ihre pers\u00f6nlichen Daten sch\u00fctzen und eine sichere Informationsverarbeitung gew\u00e4hrleisten.","og_url":"https:\/\/www.heveatecture.com\/privacy-policy\/","og_site_name":"Heveatecture","article_publisher":"https:\/\/www.facebook.com\/profile.php?id=61565099340708","article_modified_time":"2025-08-13T02:50:39+00:00","twitter_card":"summary_large_image","twitter_misc":{"Gesch\u00e4tzte Lesezeit":"3\u00a0Minuten"},"schema":{"@context":"https:\/\/schema.org","@graph":[{"@type":"WebPage","@id":"https:\/\/www.heveatecture.com\/privacy-policy\/","url":"https:\/\/www.heveatecture.com\/privacy-policy\/","name":"Datenschutzrichtlinie - Heveatecture","isPartOf":{"@id":"https:\/\/www.heveatecture.com\/#website"},"datePublished":"2024-08-28T11:35:03+00:00","dateModified":"2025-08-13T02:50:39+00:00","description":"Lesen Sie die Datenschutzrichtlinie von Heveatecture, um zu verstehen, wie wir Ihre pers\u00f6nlichen Daten sch\u00fctzen und eine sichere Informationsverarbeitung gew\u00e4hrleisten.","breadcrumb":{"@id":"https:\/\/www.heveatecture.com\/privacy-policy\/#breadcrumb"},"inLanguage":"de","potentialAction":[{"@type":"ReadAction","target":["https:\/\/www.heveatecture.com\/privacy-policy\/"]}]},{"@type":"BreadcrumbList","@id":"https:\/\/www.heveatecture.com\/privacy-policy\/#breadcrumb","itemListElement":[{"@type":"ListItem","position":1,"name":"Home","item":"https:\/\/www.heveatecture.com\/"},{"@type":"ListItem","position":2,"name":"Datenschutzrichtlinie"}]},{"@type":"WebSite","@id":"https:\/\/www.heveatecture.com\/#website","url":"https:\/\/www.heveatecture.com\/","name":"Heveatecture","description":"Invest in Koh Samui","publisher":{"@id":"https:\/\/www.heveatecture.com\/#organization"},"potentialAction":[{"@type":"SearchAction","target":{"@type":"EntryPoint","urlTemplate":"https:\/\/www.heveatecture.com\/?s={search_term_string}"},"query-input":{"@type":"PropertyValueSpecification","valueRequired":true,"valueName":"search_term_string"}}],"inLanguage":"de"},{"@type":"Organization","@id":"https:\/\/www.heveatecture.com\/#organization","name":"Heveatecture","url":"https:\/\/www.heveatecture.com\/","logo":{"@type":"ImageObject","inLanguage":"de","@id":"https:\/\/www.heveatecture.com\/#\/schema\/logo\/image\/","url":"https:\/\/www.heveatecture.com\/wp-content\/uploads\/2024\/08\/Logo_Transparent.png","contentUrl":"https:\/\/www.heveatecture.com\/wp-content\/uploads\/2024\/08\/Logo_Transparent.png","width":766,"height":120,"caption":"Heveatecture"},"image":{"@id":"https:\/\/www.heveatecture.com\/#\/schema\/logo\/image\/"},"sameAs":["https:\/\/www.facebook.com\/profile.php?id=61565099340708"]}]}},"_links":{"self":[{"href":"https:\/\/www.heveatecture.com\/de\/wp-json\/wp\/v2\/pages\/36723","targetHints":{"allow":["GET"]}}],"collection":[{"href":"https:\/\/www.heveatecture.com\/de\/wp-json\/wp\/v2\/pages"}],"about":[{"href":"https:\/\/www.heveatecture.com\/de\/wp-json\/wp\/v2\/types\/page"}],"author":[{"embeddable":true,"href":"https:\/\/www.heveatecture.com\/de\/wp-json\/wp\/v2\/users\/1"}],"replies":[{"embeddable":true,"href":"https:\/\/www.heveatecture.com\/de\/wp-json\/wp\/v2\/comments?post=36723"}],"version-history":[{"count":5,"href":"https:\/\/www.heveatecture.com\/de\/wp-json\/wp\/v2\/pages\/36723\/revisions"}],"predecessor-version":[{"id":36728,"href":"https:\/\/www.heveatecture.com\/de\/wp-json\/wp\/v2\/pages\/36723\/revisions\/36728"}],"wp:attachment":[{"href":"https:\/\/www.heveatecture.com\/de\/wp-json\/wp\/v2\/media?parent=36723"}],"curies":[{"name":"wp","href":"https:\/\/api.w.org\/{rel}","templated":true}]}}