{"id":36073,"date":"2024-08-28T16:00:35","date_gmt":"2024-08-28T14:00:35","guid":{"rendered":"https:\/\/www.heveatecture.com\/blog\/"},"modified":"2025-10-21T05:55:59","modified_gmt":"2025-10-21T03:55:59","slug":"blog","status":"publish","type":"page","link":"https:\/\/www.heveatecture.com\/fr\/blog\/","title":{"rendered":"Blog"},"content":{"rendered":"\t\t<div data-elementor-type=\"wp-page\" data-elementor-id=\"36073\" class=\"elementor elementor-36073 elementor-28858\" data-elementor-post-type=\"page\">\n\t\t\t\t\t\t<section class=\"elementor-section elementor-top-section elementor-element elementor-element-1d80bdc0 elementor-section-height-min-height elementor-section-boxed elementor-section-height-default elementor-section-items-middle\" data-id=\"1d80bdc0\" data-element_type=\"section\" data-e-type=\"section\" data-settings=\"{&quot;background_background&quot;:&quot;classic&quot;}\">\n\t\t\t\t\t\t\t<div class=\"elementor-background-overlay\"><\/div>\n\t\t\t\t\t\t\t<div class=\"elementor-container elementor-column-gap-default\">\n\t\t\t\t\t<div class=\"elementor-column elementor-col-100 elementor-top-column elementor-element elementor-element-1341c75a\" data-id=\"1341c75a\" data-element_type=\"column\" data-e-type=\"column\">\n\t\t\t<div class=\"elementor-widget-wrap elementor-element-populated\">\n\t\t\t\t\t\t<div class=\"elementor-element elementor-element-35ba31d4 elementor-widget elementor-widget-heading\" data-id=\"35ba31d4\" data-element_type=\"widget\" data-e-type=\"widget\" data-widget_type=\"heading.default\">\n\t\t\t\t<div class=\"elementor-widget-container\">\n\t\t\t\t\t<h2 class=\"elementor-heading-title elementor-size-default\">D\u00c9COUVREZ<br><b>NOTRE BLOG<\/b><\/h2>\t\t\t\t<\/div>\n\t\t\t\t<\/div>\n\t\t\t\t\t<\/div>\n\t\t<\/div>\n\t\t\t\t\t<\/div>\n\t\t<\/section>\n\t\t\t\t<section class=\"elementor-section elementor-top-section elementor-element elementor-element-9bbdb22 elementor-section-boxed elementor-section-height-default elementor-section-height-default\" data-id=\"9bbdb22\" data-element_type=\"section\" data-e-type=\"section\">\n\t\t\t\t\t\t<div class=\"elementor-container elementor-column-gap-default\">\n\t\t\t\t\t<div class=\"elementor-column elementor-col-100 elementor-top-column elementor-element elementor-element-ed0f28e\" data-id=\"ed0f28e\" data-element_type=\"column\" data-e-type=\"column\">\n\t\t\t<div class=\"elementor-widget-wrap elementor-element-populated\">\n\t\t\t\t\t\t<div class=\"elementor-element elementor-element-f63f7fb elementor-widget elementor-widget-shortcode\" data-id=\"f63f7fb\" data-element_type=\"widget\" data-e-type=\"widget\" data-widget_type=\"shortcode.default\">\n\t\t\t\t<div class=\"elementor-widget-container\">\n\t\t\t\t\t\t\t<div class=\"elementor-shortcode\"><div id=\"caf-post-layout-container\" class=\"caf-post-layout-container  filter-layout1 post-layout3 data-target-div1\" data-post-type=\"post\" data-tax=\"category\" data-terms=\"20,21,24,22,23,27,28,25,26\" data-per-page=\"15\" data-selected-terms=\"20,21,24,22,23,27,28,25,26\" data-filter-id=\"29468\" data-post-layout=\"post-layout3\" data-target-div=\"data-target-div1\"><div id=\"caf-filter-layout1\" class='caf-filter-layout data-target-div1 '>\r\n    <ul class=\"caf-filter-container caf-filter-layout1\">\r\n        <li class=\"caf-mb-4\"><a href=\"#\" data-id=\"20,21,24,22,23,27,28,25,26\" data-main-id=\"flt\" class=\" abc active\" data-target-div=\"data-target-div1\">All<\/a><\/li><li class='caf-mb-4'><a href='#' data-id='20' data-main-id='flt' data-target-div='data-target-div1' class=''>Architecture and Design<\/a><\/li><li class='caf-mb-4'><a href='#' data-id='21' data-main-id='flt' data-target-div='data-target-div1' class=''>Construction and Project<\/a><\/li><li class='caf-mb-4'><a href='#' data-id='24' data-main-id='flt' data-target-div='data-target-div1' class=''>Decoration<\/a><\/li><li class='caf-mb-4'><a href='#' data-id='22' data-main-id='flt' data-target-div='data-target-div1' class=''>Execution<\/a><\/li><li class='caf-mb-4'><a href='#' data-id='23' data-main-id='flt' data-target-div='data-target-div1' class=''>Furniture and Interior<\/a><\/li><li class='caf-mb-4'><a href='#' data-id='27' data-main-id='flt' data-target-div='data-target-div1' class=''>Life in Koh Samui<\/a><\/li><li class='caf-mb-4'><a href='#' data-id='28' data-main-id='flt' data-target-div='data-target-div1' class=''>Practical and Legal Advice<\/a><\/li><li class='caf-mb-4'><a href='#' data-id='25' data-main-id='flt' data-target-div='data-target-div1' class=''>Real Estate Investment in Koh Samui<\/a><\/li><li class='caf-mb-4'><a href='#' data-id='26' data-main-id='flt' data-target-div='data-target-div1' class=''>Villa Management and Long-Term Rentals<\/a><\/li>    <\/ul>\r\n<\/div><div id='manage-ajax-response' class='caf-row'><div class=\"status\"><i class=\"fa fa-spinner\" aria-hidden=\"true\"><\/i><\/div><div class=\"content\"><\/div><\/div><\/div><\/div>\n\t\t\t\t\t\t<\/div>\n\t\t\t\t<\/div>\n\t\t\t\t\t<\/div>\n\t\t<\/div>\n\t\t\t\t\t<\/div>\n\t\t<\/section>\n\t\t\t\t<section class=\"elementor-section elementor-top-section elementor-element elementor-element-b4d36d6 elementor-section-boxed elementor-section-height-default elementor-section-height-default\" data-id=\"b4d36d6\" data-element_type=\"section\" data-e-type=\"section\" data-settings=\"{&quot;background_background&quot;:&quot;classic&quot;}\">\n\t\t\t\t\t\t\t<div class=\"elementor-background-overlay\"><\/div>\n\t\t\t\t\t\t\t<div class=\"elementor-container elementor-column-gap-default\">\n\t\t\t\t\t<div class=\"elementor-column elementor-col-100 elementor-top-column elementor-element elementor-element-7c35b1c6\" data-id=\"7c35b1c6\" data-element_type=\"column\" data-e-type=\"column\">\n\t\t\t<div class=\"elementor-widget-wrap elementor-element-populated\">\n\t\t\t\t\t\t<div class=\"elementor-element elementor-element-467f0179 elementor-widget__width-initial elementor-widget elementor-widget-heading\" data-id=\"467f0179\" data-element_type=\"widget\" data-e-type=\"widget\" data-widget_type=\"heading.default\">\n\t\t\t\t<div class=\"elementor-widget-container\">\n\t\t\t\t\t<h2 class=\"elementor-heading-title elementor-size-default\">Planifiez une <b>consultation gratuite<\/b><br><\/h2>\t\t\t\t<\/div>\n\t\t\t\t<\/div>\n\t\t\t\t<div class=\"elementor-element elementor-element-42a3b8d5 elementor-align-center elementor-widget elementor-widget-button\" data-id=\"42a3b8d5\" data-element_type=\"widget\" data-e-type=\"widget\" data-widget_type=\"button.default\">\n\t\t\t\t<div class=\"elementor-widget-container\">\n\t\t\t\t\t\t\t\t\t<div class=\"elementor-button-wrapper\">\n\t\t\t\t\t<a class=\"elementor-button elementor-button-link elementor-size-sm\" href=\"https:\/\/www.heveatecture.com\/fr\/contact\/#rdv\">\n\t\t\t\t\t\t<span class=\"elementor-button-content-wrapper\">\n\t\t\t\t\t\t\t\t\t<span class=\"elementor-button-text\">Demande de renseignements<\/span>\n\t\t\t\t\t<\/span>\n\t\t\t\t\t<\/a>\n\t\t\t\t<\/div>\n\t\t\t\t\t\t\t\t<\/div>\n\t\t\t\t<\/div>\n\t\t\t\t\t<\/div>\n\t\t<\/div>\n\t\t\t\t\t<\/div>\n\t\t<\/section>\n\t\t\t\t<\/div>\n\t\t","protected":false},"excerpt":{"rendered":"<p>D\u00c9COUVREZNOTRE BLOG Planifiez une consultation gratuite Demande de renseignements<\/p>\n","protected":false},"author":1,"featured_media":0,"parent":0,"menu_order":0,"comment_status":"closed","ping_status":"closed","template":"elementor_header_footer","meta":{"_rtcl_gb_attr":"","footnotes":""},"class_list":["post-36073","page","type-page","status-publish","hentry"],"yoast_head":"<!-- This site is optimized with the Yoast SEO plugin v27.4 - https:\/\/yoast.com\/product\/yoast-seo-wordpress\/ -->\n<title>Blog - Heveatecture<\/title>\n<meta name=\"description\" content=\"Explorez le blog de Heveatecture pour d\u00e9couvrir des articles sur la conception de villas, la gestion immobili\u00e8re et les tendances en mati\u00e8re de construction \u00e0 Koh Samui.\" \/>\n<meta name=\"robots\" content=\"index, follow, max-snippet:-1, max-image-preview:large, max-video-preview:-1\" \/>\n<link rel=\"canonical\" href=\"https:\/\/www.heveatecture.com\/blog\/\" \/>\n<meta property=\"og:locale\" content=\"fr_FR\" \/>\n<meta property=\"og:type\" content=\"article\" \/>\n<meta property=\"og:title\" content=\"Blog - Heveatecture\" \/>\n<meta property=\"og:description\" content=\"Explorez le blog de Heveatecture pour d\u00e9couvrir des articles sur la conception de villas, la gestion immobili\u00e8re et les tendances en mati\u00e8re de construction \u00e0 Koh Samui.\" \/>\n<meta property=\"og:url\" content=\"https:\/\/www.heveatecture.com\/blog\/\" \/>\n<meta property=\"og:site_name\" content=\"Heveatecture\" \/>\n<meta property=\"article:publisher\" content=\"https:\/\/www.facebook.com\/profile.php?id=61565099340708\" \/>\n<meta property=\"article:modified_time\" content=\"2025-10-21T03:55:59+00:00\" \/>\n<meta name=\"twitter:card\" content=\"summary_large_image\" \/>\n<script type=\"application\/ld+json\" class=\"yoast-schema-graph\">{\"@context\":\"https:\\\/\\\/schema.org\",\"@graph\":[{\"@type\":\"WebPage\",\"@id\":\"https:\\\/\\\/www.heveatecture.com\\\/blog\\\/\",\"url\":\"https:\\\/\\\/www.heveatecture.com\\\/blog\\\/\",\"name\":\"Blog - Heveatecture\",\"isPartOf\":{\"@id\":\"https:\\\/\\\/www.heveatecture.com\\\/#website\"},\"datePublished\":\"2024-08-28T14:00:35+00:00\",\"dateModified\":\"2025-10-21T03:55:59+00:00\",\"description\":\"Explorez le blog de Heveatecture pour d\u00e9couvrir des articles sur la conception de villas, la gestion immobili\u00e8re et les tendances en mati\u00e8re de construction \u00e0 Koh Samui.\",\"breadcrumb\":{\"@id\":\"https:\\\/\\\/www.heveatecture.com\\\/blog\\\/#breadcrumb\"},\"inLanguage\":\"fr-FR\",\"potentialAction\":[{\"@type\":\"ReadAction\",\"target\":[\"https:\\\/\\\/www.heveatecture.com\\\/blog\\\/\"]}]},{\"@type\":\"BreadcrumbList\",\"@id\":\"https:\\\/\\\/www.heveatecture.com\\\/blog\\\/#breadcrumb\",\"itemListElement\":[{\"@type\":\"ListItem\",\"position\":1,\"name\":\"Home\",\"item\":\"https:\\\/\\\/www.heveatecture.com\\\/\"},{\"@type\":\"ListItem\",\"position\":2,\"name\":\"Blog\"}]},{\"@type\":\"WebSite\",\"@id\":\"https:\\\/\\\/www.heveatecture.com\\\/#website\",\"url\":\"https:\\\/\\\/www.heveatecture.com\\\/\",\"name\":\"Heveatecture\",\"description\":\"Invest in Koh Samui\",\"publisher\":{\"@id\":\"https:\\\/\\\/www.heveatecture.com\\\/#organization\"},\"potentialAction\":[{\"@type\":\"SearchAction\",\"target\":{\"@type\":\"EntryPoint\",\"urlTemplate\":\"https:\\\/\\\/www.heveatecture.com\\\/?s={search_term_string}\"},\"query-input\":{\"@type\":\"PropertyValueSpecification\",\"valueRequired\":true,\"valueName\":\"search_term_string\"}}],\"inLanguage\":\"fr-FR\"},{\"@type\":\"Organization\",\"@id\":\"https:\\\/\\\/www.heveatecture.com\\\/#organization\",\"name\":\"Heveatecture\",\"url\":\"https:\\\/\\\/www.heveatecture.com\\\/\",\"logo\":{\"@type\":\"ImageObject\",\"inLanguage\":\"fr-FR\",\"@id\":\"https:\\\/\\\/www.heveatecture.com\\\/#\\\/schema\\\/logo\\\/image\\\/\",\"url\":\"https:\\\/\\\/www.heveatecture.com\\\/wp-content\\\/uploads\\\/2024\\\/08\\\/Logo_Transparent.png\",\"contentUrl\":\"https:\\\/\\\/www.heveatecture.com\\\/wp-content\\\/uploads\\\/2024\\\/08\\\/Logo_Transparent.png\",\"width\":766,\"height\":120,\"caption\":\"Heveatecture\"},\"image\":{\"@id\":\"https:\\\/\\\/www.heveatecture.com\\\/#\\\/schema\\\/logo\\\/image\\\/\"},\"sameAs\":[\"https:\\\/\\\/www.facebook.com\\\/profile.php?id=61565099340708\"]}]}<\/script>\n<!-- \/ Yoast SEO plugin. -->","yoast_head_json":{"title":"Blog - Heveatecture","description":"Explorez le blog de Heveatecture pour d\u00e9couvrir des articles sur la conception de villas, la gestion immobili\u00e8re et les tendances en mati\u00e8re de construction \u00e0 Koh Samui.","robots":{"index":"index","follow":"follow","max-snippet":"max-snippet:-1","max-image-preview":"max-image-preview:large","max-video-preview":"max-video-preview:-1"},"canonical":"https:\/\/www.heveatecture.com\/blog\/","og_locale":"fr_FR","og_type":"article","og_title":"Blog - Heveatecture","og_description":"Explorez le blog de Heveatecture pour d\u00e9couvrir des articles sur la conception de villas, la gestion immobili\u00e8re et les tendances en mati\u00e8re de construction \u00e0 Koh Samui.","og_url":"https:\/\/www.heveatecture.com\/blog\/","og_site_name":"Heveatecture","article_publisher":"https:\/\/www.facebook.com\/profile.php?id=61565099340708","article_modified_time":"2025-10-21T03:55:59+00:00","twitter_card":"summary_large_image","schema":{"@context":"https:\/\/schema.org","@graph":[{"@type":"WebPage","@id":"https:\/\/www.heveatecture.com\/blog\/","url":"https:\/\/www.heveatecture.com\/blog\/","name":"Blog - Heveatecture","isPartOf":{"@id":"https:\/\/www.heveatecture.com\/#website"},"datePublished":"2024-08-28T14:00:35+00:00","dateModified":"2025-10-21T03:55:59+00:00","description":"Explorez le blog de Heveatecture pour d\u00e9couvrir des articles sur la conception de villas, la gestion immobili\u00e8re et les tendances en mati\u00e8re de construction \u00e0 Koh Samui.","breadcrumb":{"@id":"https:\/\/www.heveatecture.com\/blog\/#breadcrumb"},"inLanguage":"fr-FR","potentialAction":[{"@type":"ReadAction","target":["https:\/\/www.heveatecture.com\/blog\/"]}]},{"@type":"BreadcrumbList","@id":"https:\/\/www.heveatecture.com\/blog\/#breadcrumb","itemListElement":[{"@type":"ListItem","position":1,"name":"Home","item":"https:\/\/www.heveatecture.com\/"},{"@type":"ListItem","position":2,"name":"Blog"}]},{"@type":"WebSite","@id":"https:\/\/www.heveatecture.com\/#website","url":"https:\/\/www.heveatecture.com\/","name":"Heveatecture","description":"Invest in Koh Samui","publisher":{"@id":"https:\/\/www.heveatecture.com\/#organization"},"potentialAction":[{"@type":"SearchAction","target":{"@type":"EntryPoint","urlTemplate":"https:\/\/www.heveatecture.com\/?s={search_term_string}"},"query-input":{"@type":"PropertyValueSpecification","valueRequired":true,"valueName":"search_term_string"}}],"inLanguage":"fr-FR"},{"@type":"Organization","@id":"https:\/\/www.heveatecture.com\/#organization","name":"Heveatecture","url":"https:\/\/www.heveatecture.com\/","logo":{"@type":"ImageObject","inLanguage":"fr-FR","@id":"https:\/\/www.heveatecture.com\/#\/schema\/logo\/image\/","url":"https:\/\/www.heveatecture.com\/wp-content\/uploads\/2024\/08\/Logo_Transparent.png","contentUrl":"https:\/\/www.heveatecture.com\/wp-content\/uploads\/2024\/08\/Logo_Transparent.png","width":766,"height":120,"caption":"Heveatecture"},"image":{"@id":"https:\/\/www.heveatecture.com\/#\/schema\/logo\/image\/"},"sameAs":["https:\/\/www.facebook.com\/profile.php?id=61565099340708"]}]}},"_links":{"self":[{"href":"https:\/\/www.heveatecture.com\/fr\/wp-json\/wp\/v2\/pages\/36073","targetHints":{"allow":["GET"]}}],"collection":[{"href":"https:\/\/www.heveatecture.com\/fr\/wp-json\/wp\/v2\/pages"}],"about":[{"href":"https:\/\/www.heveatecture.com\/fr\/wp-json\/wp\/v2\/types\/page"}],"author":[{"embeddable":true,"href":"https:\/\/www.heveatecture.com\/fr\/wp-json\/wp\/v2\/users\/1"}],"replies":[{"embeddable":true,"href":"https:\/\/www.heveatecture.com\/fr\/wp-json\/wp\/v2\/comments?post=36073"}],"version-history":[{"count":2,"href":"https:\/\/www.heveatecture.com\/fr\/wp-json\/wp\/v2\/pages\/36073\/revisions"}],"predecessor-version":[{"id":36970,"href":"https:\/\/www.heveatecture.com\/fr\/wp-json\/wp\/v2\/pages\/36073\/revisions\/36970"}],"wp:attachment":[{"href":"https:\/\/www.heveatecture.com\/fr\/wp-json\/wp\/v2\/media?parent=36073"}],"curies":[{"name":"wp","href":"https:\/\/api.w.org\/{rel}","templated":true}]}}