{"id":36191,"date":"2024-09-02T13:22:58","date_gmt":"2024-09-02T11:22:58","guid":{"rendered":"https:\/\/www.heveatecture.com\/explorer\/"},"modified":"2025-08-12T11:29:53","modified_gmt":"2025-08-12T09:29:53","slug":"explorer","status":"publish","type":"page","link":"https:\/\/www.heveatecture.com\/fr\/explorer\/","title":{"rendered":"Explorer"},"content":{"rendered":"\t\t<div data-elementor-type=\"wp-page\" data-elementor-id=\"36191\" class=\"elementor elementor-36191 elementor-29606\" data-elementor-post-type=\"page\">\n\t\t\t\t\t\t<section class=\"elementor-section elementor-top-section elementor-element elementor-element-a4b94a5 elementor-section-content-middle elementor-section-height-full elementor-section-boxed elementor-section-height-default elementor-section-items-middle\" data-id=\"a4b94a5\" data-element_type=\"section\" data-e-type=\"section\" data-settings=\"{&quot;background_background&quot;:&quot;classic&quot;}\">\n\t\t\t\t\t\t<div class=\"elementor-container elementor-column-gap-default\">\n\t\t\t\t\t<div class=\"elementor-column elementor-col-100 elementor-top-column elementor-element elementor-element-72240e74\" data-id=\"72240e74\" data-element_type=\"column\" data-e-type=\"column\">\n\t\t\t<div class=\"elementor-widget-wrap elementor-element-populated\">\n\t\t\t\t\t\t<div class=\"elementor-element elementor-element-2b0dee6 elementor-widget elementor-widget-image\" data-id=\"2b0dee6\" data-element_type=\"widget\" data-e-type=\"widget\" data-widget_type=\"image.default\">\n\t\t\t\t<div class=\"elementor-widget-container\">\n\t\t\t\t\t\t\t\t\t\t\t\t\t\t\t<img fetchpriority=\"high\" decoding=\"async\" width=\"766\" height=\"120\" src=\"https:\/\/www.heveatecture.com\/wp-content\/uploads\/2024\/08\/Logo_Transparent.png\" class=\"attachment-large size-large wp-image-32385\" alt=\"\" srcset=\"https:\/\/www.heveatecture.com\/wp-content\/uploads\/2024\/08\/Logo_Transparent.png 766w, https:\/\/www.heveatecture.com\/wp-content\/uploads\/2024\/08\/Logo_Transparent-300x47.png 300w\" sizes=\"(max-width: 766px) 100vw, 766px\" title=\"\" \/>\t\t\t\t\t\t\t\t\t\t\t\t\t\t\t<\/div>\n\t\t\t\t<\/div>\n\t\t\t\t<div class=\"elementor-element elementor-element-1f593a89 elementor-widget__width-initial elementor-widget elementor-widget-heading\" data-id=\"1f593a89\" data-element_type=\"widget\" data-e-type=\"widget\" data-widget_type=\"heading.default\">\n\t\t\t\t<div class=\"elementor-widget-container\">\n\t\t\t\t\t<h2 class=\"elementor-heading-title elementor-size-default\">Explorez<br><b>Heveatecture<\/b><\/h2>\t\t\t\t<\/div>\n\t\t\t\t<\/div>\n\t\t\t\t<div class=\"elementor-element elementor-element-2e3f8162 elementor-widget-divider--view-line elementor-widget elementor-widget-divider\" data-id=\"2e3f8162\" data-element_type=\"widget\" data-e-type=\"widget\" data-widget_type=\"divider.default\">\n\t\t\t\t<div class=\"elementor-widget-container\">\n\t\t\t\t\t\t\t<div class=\"elementor-divider\">\n\t\t\t<span class=\"elementor-divider-separator\">\n\t\t\t\t\t\t<\/span>\n\t\t<\/div>\n\t\t\t\t\t\t<\/div>\n\t\t\t\t<\/div>\n\t\t\t\t<div class=\"elementor-element elementor-element-7fd528c5 elementor-widget elementor-widget-text-editor\" data-id=\"7fd528c5\" data-element_type=\"widget\" data-e-type=\"widget\" data-widget_type=\"text-editor.default\">\n\t\t\t\t<div class=\"elementor-widget-container\">\n\t\t\t\t\t\t\t\t\t<p><strong>Heveatecture<\/strong> est une entreprise de <strong>conception, d\u00e9veloppement et gestion immobili\u00e8re<\/strong> bas\u00e9e \u00e0 Koh Samui.<br \/>Construisez votre villa \u00e0 partir de <strong>seulement 6,5 millions THB<\/strong>\u202f!<\/p>\n<p>Vous trouverez ci-dessous les liens vers nos pages les plus populaires ainsi que nos plateformes sociales.<\/p>\n\t\t\t\t\t\t\t\t<\/div>\n\t\t\t\t<\/div>\n\t\t\t\t<section class=\"elementor-section elementor-inner-section elementor-element elementor-element-88dc938 elementor-section-boxed elementor-section-height-default elementor-section-height-default\" data-id=\"88dc938\" data-element_type=\"section\" data-e-type=\"section\">\n\t\t\t\t\t\t<div class=\"elementor-container elementor-column-gap-default\">\n\t\t\t\t\t<div class=\"elementor-column elementor-col-50 elementor-inner-column elementor-element elementor-element-e039bca\" data-id=\"e039bca\" data-element_type=\"column\" data-e-type=\"column\">\n\t\t\t<div class=\"elementor-widget-wrap elementor-element-populated\">\n\t\t\t\t\t\t<div class=\"elementor-element elementor-element-38405b5 elementor-widget elementor-widget-icon-box\" data-id=\"38405b5\" data-element_type=\"widget\" data-e-type=\"widget\" data-widget_type=\"icon-box.default\">\n\t\t\t\t<div class=\"elementor-widget-container\">\n\t\t\t\t\t\t\t<div class=\"elementor-icon-box-wrapper\">\n\n\t\t\t\n\t\t\t\t\t\t<div class=\"elementor-icon-box-content\">\n\n\t\t\t\t\t\t\t\t\t<h3 class=\"elementor-icon-box-title\">\n\t\t\t\t\t\t<a href=\"https:\/\/www.heveatecture.com\/fr\/\" >\n\t\t\t\t\t\t\t<b>Site web<\/b> | Architectes &amp; Constructeurs \u00e0 Koh Samui\t\t\t\t\t\t<\/a>\n\t\t\t\t\t<\/h3>\n\t\t\t\t\n\t\t\t\t\n\t\t\t<\/div>\n\t\t\t\n\t\t<\/div>\n\t\t\t\t\t\t<\/div>\n\t\t\t\t<\/div>\n\t\t\t\t\t<\/div>\n\t\t<\/div>\n\t\t\t\t<div class=\"elementor-column elementor-col-50 elementor-inner-column elementor-element elementor-element-5108b65\" data-id=\"5108b65\" data-element_type=\"column\" data-e-type=\"column\">\n\t\t\t<div class=\"elementor-widget-wrap elementor-element-populated\">\n\t\t\t\t\t\t<div class=\"elementor-element elementor-element-8f039f7 elementor-widget elementor-widget-icon-box\" data-id=\"8f039f7\" data-element_type=\"widget\" data-e-type=\"widget\" data-widget_type=\"icon-box.default\">\n\t\t\t\t<div class=\"elementor-widget-container\">\n\t\t\t\t\t\t\t<div class=\"elementor-icon-box-wrapper\">\n\n\t\t\t\n\t\t\t\t\t\t<div class=\"elementor-icon-box-content\">\n\n\t\t\t\t\t\t\t\t\t<h3 class=\"elementor-icon-box-title\">\n\t\t\t\t\t\t<a href=\"https:\/\/www.facebook.com\/profile.php?id=61565099340708\" >\n\t\t\t\t\t\t\t<b>Facebook<\/b> | Nos derni\u00e8res actualit\u00e9s\t\t\t\t\t\t<\/a>\n\t\t\t\t\t<\/h3>\n\t\t\t\t\n\t\t\t\t\n\t\t\t<\/div>\n\t\t\t\n\t\t<\/div>\n\t\t\t\t\t\t<\/div>\n\t\t\t\t<\/div>\n\t\t\t\t\t<\/div>\n\t\t<\/div>\n\t\t\t\t\t<\/div>\n\t\t<\/section>\n\t\t\t\t<section class=\"elementor-section elementor-inner-section elementor-element elementor-element-ec950b7 elementor-section-boxed elementor-section-height-default elementor-section-height-default\" data-id=\"ec950b7\" data-element_type=\"section\" data-e-type=\"section\">\n\t\t\t\t\t\t<div class=\"elementor-container elementor-column-gap-default\">\n\t\t\t\t\t<div class=\"elementor-column elementor-col-50 elementor-inner-column elementor-element elementor-element-94f6a4b\" data-id=\"94f6a4b\" data-element_type=\"column\" data-e-type=\"column\">\n\t\t\t<div class=\"elementor-widget-wrap elementor-element-populated\">\n\t\t\t\t\t\t<div class=\"elementor-element elementor-element-dcf9bd4 elementor-widget elementor-widget-icon-box\" data-id=\"dcf9bd4\" data-element_type=\"widget\" data-e-type=\"widget\" data-widget_type=\"icon-box.default\">\n\t\t\t\t<div class=\"elementor-widget-container\">\n\t\t\t\t\t\t\t<div class=\"elementor-icon-box-wrapper\">\n\n\t\t\t\n\t\t\t\t\t\t<div class=\"elementor-icon-box-content\">\n\n\t\t\t\t\t\t\t\t\t<h3 class=\"elementor-icon-box-title\">\n\t\t\t\t\t\t<a href=\"https:\/\/www.heveatecture.com\/fr\/contact\/#rdv\" >\n\t\t\t\t\t\t\t<b>Consultation<\/b> | Consultation gratuite\t\t\t\t\t\t<\/a>\n\t\t\t\t\t<\/h3>\n\t\t\t\t\n\t\t\t\t\n\t\t\t<\/div>\n\t\t\t\n\t\t<\/div>\n\t\t\t\t\t\t<\/div>\n\t\t\t\t<\/div>\n\t\t\t\t\t<\/div>\n\t\t<\/div>\n\t\t\t\t<div class=\"elementor-column elementor-col-50 elementor-inner-column elementor-element elementor-element-18f082a\" data-id=\"18f082a\" data-element_type=\"column\" data-e-type=\"column\">\n\t\t\t<div class=\"elementor-widget-wrap elementor-element-populated\">\n\t\t\t\t\t\t<div class=\"elementor-element elementor-element-af1926d elementor-widget elementor-widget-icon-box\" data-id=\"af1926d\" data-element_type=\"widget\" data-e-type=\"widget\" data-widget_type=\"icon-box.default\">\n\t\t\t\t<div class=\"elementor-widget-container\">\n\t\t\t\t\t\t\t<div class=\"elementor-icon-box-wrapper\">\n\n\t\t\t\n\t\t\t\t\t\t<div class=\"elementor-icon-box-content\">\n\n\t\t\t\t\t\t\t\t\t<h3 class=\"elementor-icon-box-title\">\n\t\t\t\t\t\t<a href=\"https:\/\/www.linkedin.com\/company\/heveatecture\/about\/?viewAsMember=true\" >\n\t\t\t\t\t\t\t<b>LinkedIn<\/b> | Contacts professionnels\t\t\t\t\t\t<\/a>\n\t\t\t\t\t<\/h3>\n\t\t\t\t\n\t\t\t\t\n\t\t\t<\/div>\n\t\t\t\n\t\t<\/div>\n\t\t\t\t\t\t<\/div>\n\t\t\t\t<\/div>\n\t\t\t\t\t<\/div>\n\t\t<\/div>\n\t\t\t\t\t<\/div>\n\t\t<\/section>\n\t\t\t\t<section class=\"elementor-section elementor-inner-section elementor-element elementor-element-fbcaacd elementor-section-boxed elementor-section-height-default elementor-section-height-default\" data-id=\"fbcaacd\" data-element_type=\"section\" data-e-type=\"section\">\n\t\t\t\t\t\t<div class=\"elementor-container elementor-column-gap-default\">\n\t\t\t\t\t<div class=\"elementor-column elementor-col-50 elementor-inner-column elementor-element elementor-element-447ff7f\" data-id=\"447ff7f\" data-element_type=\"column\" data-e-type=\"column\">\n\t\t\t<div class=\"elementor-widget-wrap elementor-element-populated\">\n\t\t\t\t\t\t<div class=\"elementor-element elementor-element-e5d910f elementor-widget elementor-widget-icon-box\" data-id=\"e5d910f\" data-element_type=\"widget\" data-e-type=\"widget\" data-widget_type=\"icon-box.default\">\n\t\t\t\t<div class=\"elementor-widget-container\">\n\t\t\t\t\t\t\t<div class=\"elementor-icon-box-wrapper\">\n\n\t\t\t\n\t\t\t\t\t\t<div class=\"elementor-icon-box-content\">\n\n\t\t\t\t\t\t\t\t\t<h3 class=\"elementor-icon-box-title\">\n\t\t\t\t\t\t<a href=\"https:\/\/www.heveatecture.com\/fr\/une-question\/\" >\n\t\t\t\t\t\t\t<b>FAQ<\/b> | Foire aux questions\t\t\t\t\t\t<\/a>\n\t\t\t\t\t<\/h3>\n\t\t\t\t\n\t\t\t\t\n\t\t\t<\/div>\n\t\t\t\n\t\t<\/div>\n\t\t\t\t\t\t<\/div>\n\t\t\t\t<\/div>\n\t\t\t\t\t<\/div>\n\t\t<\/div>\n\t\t\t\t<div class=\"elementor-column elementor-col-50 elementor-inner-column elementor-element elementor-element-14a6156\" data-id=\"14a6156\" data-element_type=\"column\" data-e-type=\"column\">\n\t\t\t<div class=\"elementor-widget-wrap elementor-element-populated\">\n\t\t\t\t\t\t<div class=\"elementor-element elementor-element-cbd81c7 elementor-widget elementor-widget-icon-box\" data-id=\"cbd81c7\" data-element_type=\"widget\" data-e-type=\"widget\" data-widget_type=\"icon-box.default\">\n\t\t\t\t<div class=\"elementor-widget-container\">\n\t\t\t\t\t\t\t<div class=\"elementor-icon-box-wrapper\">\n\n\t\t\t\n\t\t\t\t\t\t<div class=\"elementor-icon-box-content\">\n\n\t\t\t\t\t\t\t\t\t<h3 class=\"elementor-icon-box-title\">\n\t\t\t\t\t\t<a href=\"https:\/\/www.heveatecture.com\/fr\/blog\/\" >\n\t\t\t\t\t\t\t<b>Blog<\/b> | Conseils d\u2019experts &amp; guides complets\t\t\t\t\t\t<\/a>\n\t\t\t\t\t<\/h3>\n\t\t\t\t\n\t\t\t\t\n\t\t\t<\/div>\n\t\t\t\n\t\t<\/div>\n\t\t\t\t\t\t<\/div>\n\t\t\t\t<\/div>\n\t\t\t\t\t<\/div>\n\t\t<\/div>\n\t\t\t\t\t<\/div>\n\t\t<\/section>\n\t\t\t\t<section class=\"elementor-section elementor-inner-section elementor-element elementor-element-50c582e elementor-section-boxed elementor-section-height-default elementor-section-height-default\" data-id=\"50c582e\" data-element_type=\"section\" data-e-type=\"section\">\n\t\t\t\t\t\t<div class=\"elementor-container elementor-column-gap-default\">\n\t\t\t\t\t<div class=\"elementor-column elementor-col-50 elementor-inner-column elementor-element elementor-element-1149215\" data-id=\"1149215\" data-element_type=\"column\" data-e-type=\"column\">\n\t\t\t<div class=\"elementor-widget-wrap elementor-element-populated\">\n\t\t\t\t\t\t<div class=\"elementor-element elementor-element-4a9d0a1 elementor-widget elementor-widget-icon-box\" data-id=\"4a9d0a1\" data-element_type=\"widget\" data-e-type=\"widget\" data-widget_type=\"icon-box.default\">\n\t\t\t\t<div class=\"elementor-widget-container\">\n\t\t\t\t\t\t\t<div class=\"elementor-icon-box-wrapper\">\n\n\t\t\t\n\t\t\t\t\t\t<div class=\"elementor-icon-box-content\">\n\n\t\t\t\t\t\t\t\t\t<h3 class=\"elementor-icon-box-title\">\n\t\t\t\t\t\t<a href=\"https:\/\/www.heveatecture.com\/fr\/developments\/\" >\n\t\t\t\t\t\t\t<b>Vente de Villas<\/b> | Biens immobiliers \u00e0 vendre\t\t\t\t\t\t<\/a>\n\t\t\t\t\t<\/h3>\n\t\t\t\t\n\t\t\t\t\n\t\t\t<\/div>\n\t\t\t\n\t\t<\/div>\n\t\t\t\t\t\t<\/div>\n\t\t\t\t<\/div>\n\t\t\t\t\t<\/div>\n\t\t<\/div>\n\t\t\t\t<div class=\"elementor-column elementor-col-50 elementor-inner-column elementor-element elementor-element-71ae7c5\" data-id=\"71ae7c5\" data-element_type=\"column\" data-e-type=\"column\">\n\t\t\t<div class=\"elementor-widget-wrap elementor-element-populated\">\n\t\t\t\t\t\t<div class=\"elementor-element elementor-element-382aa60 elementor-widget elementor-widget-icon-box\" data-id=\"382aa60\" data-element_type=\"widget\" data-e-type=\"widget\" data-widget_type=\"icon-box.default\">\n\t\t\t\t<div class=\"elementor-widget-container\">\n\t\t\t\t\t\t\t<div class=\"elementor-icon-box-wrapper\">\n\n\t\t\t\n\t\t\t\t\t\t<div class=\"elementor-icon-box-content\">\n\n\t\t\t\t\t\t\t\t\t<h3 class=\"elementor-icon-box-title\">\n\t\t\t\t\t\t<a href=\"https:\/\/www.heveatecture.com\/fr\/temoignages\/\" >\n\t\t\t\t\t\t\t<b>T\u00e9moignages<\/b> | Avis &amp; Google Maps\t\t\t\t\t\t<\/a>\n\t\t\t\t\t<\/h3>\n\t\t\t\t\n\t\t\t\t\n\t\t\t<\/div>\n\t\t\t\n\t\t<\/div>\n\t\t\t\t\t\t<\/div>\n\t\t\t\t<\/div>\n\t\t\t\t\t<\/div>\n\t\t<\/div>\n\t\t\t\t\t<\/div>\n\t\t<\/section>\n\t\t\t\t<div class=\"elementor-element elementor-element-1145900 elementor-widget elementor-widget-text-editor\" data-id=\"1145900\" data-element_type=\"widget\" data-e-type=\"widget\" data-widget_type=\"text-editor.default\">\n\t\t\t\t<div class=\"elementor-widget-container\">\n\t\t\t\t\t\t\t\t\t<p>Heveatecture \u00a9 2025 \u2013 <a style=\"color: black;\" href=\"https:\/\/www.heveatecture.com\/fr\/politique-de-confidentialite\/\">Privacy policy<\/a><\/p>\n\t\t\t\t\t\t\t\t<\/div>\n\t\t\t\t<\/div>\n\t\t\t\t\t<\/div>\n\t\t<\/div>\n\t\t\t\t\t<\/div>\n\t\t<\/section>\n\t\t\t\t<\/div>\n\t\t","protected":false},"excerpt":{"rendered":"<p>ExplorezHeveatecture Heveatecture est une entreprise de conception, d\u00e9veloppement et gestion immobili\u00e8re bas\u00e9e \u00e0 Koh Samui.Construisez votre villa \u00e0 partir de seulement 6,5 millions THB\u202f! Vous trouverez ci-dessous les liens vers nos pages les plus populaires ainsi que nos plateformes sociales. Site web | Architectes &amp; Constructeurs \u00e0 Koh Samui Facebook | Nos derni\u00e8res actualit\u00e9s Consultation<\/p>\n","protected":false},"author":1,"featured_media":0,"parent":0,"menu_order":0,"comment_status":"closed","ping_status":"closed","template":"elementor_canvas","meta":{"_rtcl_gb_attr":"","footnotes":""},"class_list":["post-36191","page","type-page","status-publish","hentry"],"yoast_head":"<!-- This site is optimized with the Yoast SEO plugin v27.4 - https:\/\/yoast.com\/product\/yoast-seo-wordpress\/ -->\n<title>Explorer - Heveatecture<\/title>\n<meta name=\"description\" content=\"D\u00e9couvrez les services d\u2019**Heveatecture** en conception, d\u00e9veloppement et gestion immobili\u00e8re \u00e0 Koh Samui. Construisez votre villa \u00e0 partir de **6,5 millions THB**\u202f!\" \/>\n<meta name=\"robots\" content=\"index, follow, max-snippet:-1, max-image-preview:large, max-video-preview:-1\" \/>\n<link rel=\"canonical\" href=\"https:\/\/www.heveatecture.com\/explore\/\" \/>\n<meta property=\"og:locale\" content=\"fr_FR\" \/>\n<meta property=\"og:type\" content=\"article\" \/>\n<meta property=\"og:title\" content=\"Explorer - Heveatecture\" \/>\n<meta property=\"og:description\" content=\"D\u00e9couvrez les services d\u2019**Heveatecture** en conception, d\u00e9veloppement et gestion immobili\u00e8re \u00e0 Koh Samui. Construisez votre villa \u00e0 partir de **6,5 millions THB**\u202f!\" \/>\n<meta property=\"og:url\" content=\"https:\/\/www.heveatecture.com\/explore\/\" \/>\n<meta property=\"og:site_name\" content=\"Heveatecture\" \/>\n<meta property=\"article:publisher\" content=\"https:\/\/www.facebook.com\/profile.php?id=61565099340708\" \/>\n<meta property=\"article:modified_time\" content=\"2025-08-12T09:29:53+00:00\" \/>\n<meta property=\"og:image\" content=\"https:\/\/www.heveatecture.com\/wp-content\/uploads\/2024\/08\/Logo_Transparent.png\" \/>\n\t<meta property=\"og:image:width\" content=\"766\" \/>\n\t<meta property=\"og:image:height\" content=\"120\" \/>\n\t<meta property=\"og:image:type\" content=\"image\/png\" \/>\n<meta name=\"twitter:card\" content=\"summary_large_image\" \/>\n<script type=\"application\/ld+json\" class=\"yoast-schema-graph\">{\"@context\":\"https:\\\/\\\/schema.org\",\"@graph\":[{\"@type\":\"WebPage\",\"@id\":\"https:\\\/\\\/www.heveatecture.com\\\/explore\\\/\",\"url\":\"https:\\\/\\\/www.heveatecture.com\\\/explore\\\/\",\"name\":\"Explorer - Heveatecture\",\"isPartOf\":{\"@id\":\"https:\\\/\\\/www.heveatecture.com\\\/#website\"},\"primaryImageOfPage\":{\"@id\":\"https:\\\/\\\/www.heveatecture.com\\\/explore\\\/#primaryimage\"},\"image\":{\"@id\":\"https:\\\/\\\/www.heveatecture.com\\\/explore\\\/#primaryimage\"},\"thumbnailUrl\":\"https:\\\/\\\/www.heveatecture.com\\\/wp-content\\\/uploads\\\/2024\\\/08\\\/Logo_Transparent.png\",\"datePublished\":\"2024-09-02T11:22:58+00:00\",\"dateModified\":\"2025-08-12T09:29:53+00:00\",\"description\":\"D\u00e9couvrez les services d\u2019**Heveatecture** en conception, d\u00e9veloppement et gestion immobili\u00e8re \u00e0 Koh Samui. Construisez votre villa \u00e0 partir de **6,5 millions THB**\u202f!\",\"breadcrumb\":{\"@id\":\"https:\\\/\\\/www.heveatecture.com\\\/explore\\\/#breadcrumb\"},\"inLanguage\":\"fr-FR\",\"potentialAction\":[{\"@type\":\"ReadAction\",\"target\":[\"https:\\\/\\\/www.heveatecture.com\\\/explore\\\/\"]}]},{\"@type\":\"ImageObject\",\"inLanguage\":\"fr-FR\",\"@id\":\"https:\\\/\\\/www.heveatecture.com\\\/explore\\\/#primaryimage\",\"url\":\"https:\\\/\\\/www.heveatecture.com\\\/wp-content\\\/uploads\\\/2024\\\/08\\\/Logo_Transparent.png\",\"contentUrl\":\"https:\\\/\\\/www.heveatecture.com\\\/wp-content\\\/uploads\\\/2024\\\/08\\\/Logo_Transparent.png\"},{\"@type\":\"BreadcrumbList\",\"@id\":\"https:\\\/\\\/www.heveatecture.com\\\/explore\\\/#breadcrumb\",\"itemListElement\":[{\"@type\":\"ListItem\",\"position\":1,\"name\":\"Home\",\"item\":\"https:\\\/\\\/www.heveatecture.com\\\/\"},{\"@type\":\"ListItem\",\"position\":2,\"name\":\"Explorer\"}]},{\"@type\":\"WebSite\",\"@id\":\"https:\\\/\\\/www.heveatecture.com\\\/#website\",\"url\":\"https:\\\/\\\/www.heveatecture.com\\\/\",\"name\":\"Heveatecture\",\"description\":\"Invest in Koh Samui\",\"publisher\":{\"@id\":\"https:\\\/\\\/www.heveatecture.com\\\/#organization\"},\"potentialAction\":[{\"@type\":\"SearchAction\",\"target\":{\"@type\":\"EntryPoint\",\"urlTemplate\":\"https:\\\/\\\/www.heveatecture.com\\\/?s={search_term_string}\"},\"query-input\":{\"@type\":\"PropertyValueSpecification\",\"valueRequired\":true,\"valueName\":\"search_term_string\"}}],\"inLanguage\":\"fr-FR\"},{\"@type\":\"Organization\",\"@id\":\"https:\\\/\\\/www.heveatecture.com\\\/#organization\",\"name\":\"Heveatecture\",\"url\":\"https:\\\/\\\/www.heveatecture.com\\\/\",\"logo\":{\"@type\":\"ImageObject\",\"inLanguage\":\"fr-FR\",\"@id\":\"https:\\\/\\\/www.heveatecture.com\\\/#\\\/schema\\\/logo\\\/image\\\/\",\"url\":\"https:\\\/\\\/www.heveatecture.com\\\/wp-content\\\/uploads\\\/2024\\\/08\\\/Logo_Transparent.png\",\"contentUrl\":\"https:\\\/\\\/www.heveatecture.com\\\/wp-content\\\/uploads\\\/2024\\\/08\\\/Logo_Transparent.png\",\"width\":766,\"height\":120,\"caption\":\"Heveatecture\"},\"image\":{\"@id\":\"https:\\\/\\\/www.heveatecture.com\\\/#\\\/schema\\\/logo\\\/image\\\/\"},\"sameAs\":[\"https:\\\/\\\/www.facebook.com\\\/profile.php?id=61565099340708\"]}]}<\/script>\n<!-- \/ Yoast SEO plugin. -->","yoast_head_json":{"title":"Explorer - Heveatecture","description":"D\u00e9couvrez les services d\u2019**Heveatecture** en conception, d\u00e9veloppement et gestion immobili\u00e8re \u00e0 Koh Samui. Construisez votre villa \u00e0 partir de **6,5 millions THB**\u202f!","robots":{"index":"index","follow":"follow","max-snippet":"max-snippet:-1","max-image-preview":"max-image-preview:large","max-video-preview":"max-video-preview:-1"},"canonical":"https:\/\/www.heveatecture.com\/explore\/","og_locale":"fr_FR","og_type":"article","og_title":"Explorer - Heveatecture","og_description":"D\u00e9couvrez les services d\u2019**Heveatecture** en conception, d\u00e9veloppement et gestion immobili\u00e8re \u00e0 Koh Samui. Construisez votre villa \u00e0 partir de **6,5 millions THB**\u202f!","og_url":"https:\/\/www.heveatecture.com\/explore\/","og_site_name":"Heveatecture","article_publisher":"https:\/\/www.facebook.com\/profile.php?id=61565099340708","article_modified_time":"2025-08-12T09:29:53+00:00","og_image":[{"width":766,"height":120,"url":"https:\/\/www.heveatecture.com\/wp-content\/uploads\/2024\/08\/Logo_Transparent.png","type":"image\/png"}],"twitter_card":"summary_large_image","schema":{"@context":"https:\/\/schema.org","@graph":[{"@type":"WebPage","@id":"https:\/\/www.heveatecture.com\/explore\/","url":"https:\/\/www.heveatecture.com\/explore\/","name":"Explorer - Heveatecture","isPartOf":{"@id":"https:\/\/www.heveatecture.com\/#website"},"primaryImageOfPage":{"@id":"https:\/\/www.heveatecture.com\/explore\/#primaryimage"},"image":{"@id":"https:\/\/www.heveatecture.com\/explore\/#primaryimage"},"thumbnailUrl":"https:\/\/www.heveatecture.com\/wp-content\/uploads\/2024\/08\/Logo_Transparent.png","datePublished":"2024-09-02T11:22:58+00:00","dateModified":"2025-08-12T09:29:53+00:00","description":"D\u00e9couvrez les services d\u2019**Heveatecture** en conception, d\u00e9veloppement et gestion immobili\u00e8re \u00e0 Koh Samui. Construisez votre villa \u00e0 partir de **6,5 millions THB**\u202f!","breadcrumb":{"@id":"https:\/\/www.heveatecture.com\/explore\/#breadcrumb"},"inLanguage":"fr-FR","potentialAction":[{"@type":"ReadAction","target":["https:\/\/www.heveatecture.com\/explore\/"]}]},{"@type":"ImageObject","inLanguage":"fr-FR","@id":"https:\/\/www.heveatecture.com\/explore\/#primaryimage","url":"https:\/\/www.heveatecture.com\/wp-content\/uploads\/2024\/08\/Logo_Transparent.png","contentUrl":"https:\/\/www.heveatecture.com\/wp-content\/uploads\/2024\/08\/Logo_Transparent.png"},{"@type":"BreadcrumbList","@id":"https:\/\/www.heveatecture.com\/explore\/#breadcrumb","itemListElement":[{"@type":"ListItem","position":1,"name":"Home","item":"https:\/\/www.heveatecture.com\/"},{"@type":"ListItem","position":2,"name":"Explorer"}]},{"@type":"WebSite","@id":"https:\/\/www.heveatecture.com\/#website","url":"https:\/\/www.heveatecture.com\/","name":"Heveatecture","description":"Invest in Koh Samui","publisher":{"@id":"https:\/\/www.heveatecture.com\/#organization"},"potentialAction":[{"@type":"SearchAction","target":{"@type":"EntryPoint","urlTemplate":"https:\/\/www.heveatecture.com\/?s={search_term_string}"},"query-input":{"@type":"PropertyValueSpecification","valueRequired":true,"valueName":"search_term_string"}}],"inLanguage":"fr-FR"},{"@type":"Organization","@id":"https:\/\/www.heveatecture.com\/#organization","name":"Heveatecture","url":"https:\/\/www.heveatecture.com\/","logo":{"@type":"ImageObject","inLanguage":"fr-FR","@id":"https:\/\/www.heveatecture.com\/#\/schema\/logo\/image\/","url":"https:\/\/www.heveatecture.com\/wp-content\/uploads\/2024\/08\/Logo_Transparent.png","contentUrl":"https:\/\/www.heveatecture.com\/wp-content\/uploads\/2024\/08\/Logo_Transparent.png","width":766,"height":120,"caption":"Heveatecture"},"image":{"@id":"https:\/\/www.heveatecture.com\/#\/schema\/logo\/image\/"},"sameAs":["https:\/\/www.facebook.com\/profile.php?id=61565099340708"]}]}},"_links":{"self":[{"href":"https:\/\/www.heveatecture.com\/fr\/wp-json\/wp\/v2\/pages\/36191","targetHints":{"allow":["GET"]}}],"collection":[{"href":"https:\/\/www.heveatecture.com\/fr\/wp-json\/wp\/v2\/pages"}],"about":[{"href":"https:\/\/www.heveatecture.com\/fr\/wp-json\/wp\/v2\/types\/page"}],"author":[{"embeddable":true,"href":"https:\/\/www.heveatecture.com\/fr\/wp-json\/wp\/v2\/users\/1"}],"replies":[{"embeddable":true,"href":"https:\/\/www.heveatecture.com\/fr\/wp-json\/wp\/v2\/comments?post=36191"}],"version-history":[{"count":2,"href":"https:\/\/www.heveatecture.com\/fr\/wp-json\/wp\/v2\/pages\/36191\/revisions"}],"predecessor-version":[{"id":36681,"href":"https:\/\/www.heveatecture.com\/fr\/wp-json\/wp\/v2\/pages\/36191\/revisions\/36681"}],"wp:attachment":[{"href":"https:\/\/www.heveatecture.com\/fr\/wp-json\/wp\/v2\/media?parent=36191"}],"curies":[{"name":"wp","href":"https:\/\/api.w.org\/{rel}","templated":true}]}}