{"id":36357,"date":"2024-08-28T13:35:03","date_gmt":"2024-08-28T11:35:03","guid":{"rendered":"https:\/\/www.heveatecture.com\/politique-de-confidentialite\/"},"modified":"2025-08-07T11:59:44","modified_gmt":"2025-08-07T09:59:44","slug":"politique-de-confidentialite","status":"publish","type":"page","link":"https:\/\/www.heveatecture.com\/fr\/politique-de-confidentialite\/","title":{"rendered":"Politique de confidentialit\u00e9"},"content":{"rendered":"\t\t<div data-elementor-type=\"wp-page\" data-elementor-id=\"36357\" class=\"elementor elementor-36357 elementor-3\" data-elementor-post-type=\"page\">\n\t\t\t\t\t\t<section class=\"elementor-section elementor-top-section elementor-element elementor-element-3e103ae9 elementor-section-height-min-height elementor-section-boxed elementor-section-height-default elementor-section-items-middle\" data-id=\"3e103ae9\" data-element_type=\"section\" data-e-type=\"section\" data-settings=\"{&quot;background_background&quot;:&quot;classic&quot;}\">\n\t\t\t\t\t\t\t<div class=\"elementor-background-overlay\"><\/div>\n\t\t\t\t\t\t\t<div class=\"elementor-container elementor-column-gap-default\">\n\t\t\t\t\t<div class=\"elementor-column elementor-col-100 elementor-top-column elementor-element elementor-element-3dc176d9\" data-id=\"3dc176d9\" data-element_type=\"column\" data-e-type=\"column\">\n\t\t\t<div class=\"elementor-widget-wrap elementor-element-populated\">\n\t\t\t\t\t\t<div class=\"elementor-element elementor-element-5b7fd642 elementor-widget elementor-widget-heading\" data-id=\"5b7fd642\" data-element_type=\"widget\" data-e-type=\"widget\" data-widget_type=\"heading.default\">\n\t\t\t\t<div class=\"elementor-widget-container\">\n\t\t\t\t\t<h2 class=\"elementor-heading-title elementor-size-default\">POLITIQUE<br><b>DE CONFIDENTIALIT\u00c9<\/b><\/h2>\t\t\t\t<\/div>\n\t\t\t\t<\/div>\n\t\t\t\t\t<\/div>\n\t\t<\/div>\n\t\t\t\t\t<\/div>\n\t\t<\/section>\n\t\t\t\t<section class=\"elementor-section elementor-top-section elementor-element elementor-element-bdf7fc4 elementor-section-content-middle elementor-section-boxed elementor-section-height-default elementor-section-height-default\" data-id=\"bdf7fc4\" data-element_type=\"section\" data-e-type=\"section\">\n\t\t\t\t\t\t<div class=\"elementor-container elementor-column-gap-default\">\n\t\t\t\t\t<div class=\"elementor-column elementor-col-100 elementor-top-column elementor-element elementor-element-27034c2b\" data-id=\"27034c2b\" data-element_type=\"column\" data-e-type=\"column\">\n\t\t\t<div class=\"elementor-widget-wrap elementor-element-populated\">\n\t\t\t\t\t\t<div class=\"elementor-element elementor-element-63ca8fe7 elementor-widget elementor-widget-text-editor\" data-id=\"63ca8fe7\" data-element_type=\"widget\" data-e-type=\"widget\" data-widget_type=\"text-editor.default\">\n\t\t\t\t<div class=\"elementor-widget-container\">\n\t\t\t\t\t\t\t\t\t<br><h2>Qui nous sommes<\/h2><br>L\u2019adresse de notre site web est : <a href=\"https:\/\/heveatecture.com\/\">https:\/\/www.heveatecture.com<\/a>.<br><br>&nbsp;<br><h2>Commentaires<\/h2><br>Lorsque les visiteurs laissent des commentaires sur le site, nous recueillons les donn\u00e9es affich\u00e9es dans le formulaire de commentaire, ainsi que l\u2019adresse IP du visiteur et la cha\u00eene de l\u2019agent utilisateur du navigateur afin d\u2019aider \u00e0 la d\u00e9tection des spams.<br><br>Une cha\u00eene anonymis\u00e9e cr\u00e9\u00e9e \u00e0 partir de votre adresse e-mail (appel\u00e9e aussi hash) peut \u00eatre fournie au service Gravatar pour v\u00e9rifier si vous l\u2019utilisez. La politique de confidentialit\u00e9 du service Gravatar est disponible ici : <a href=\"https:\/\/automattic.com\/privacy\/\">https:\/\/automattic.com\/privacy\/<\/a>. Apr\u00e8s approbation de votre commentaire, votre photo de profil est visible publiquement dans le contexte de votre commentaire.<br><br>&nbsp;<br><h2>M\u00e9dias<\/h2><br>Si vous t\u00e9l\u00e9chargez des images sur le site, \u00e9vitez d\u2019inclure des donn\u00e9es de localisation int\u00e9gr\u00e9es (EXIF GPS). Les visiteurs du site peuvent t\u00e9l\u00e9charger et extraire les donn\u00e9es de localisation des images pr\u00e9sentes sur le site.<br><br>&nbsp;<br><h2>Cookies<\/h2><br>Si vous laissez un commentaire sur notre site, vous pouvez choisir de sauvegarder votre nom, adresse e-mail et site web dans des cookies. Cela vous \u00e9vite de remplir de nouveau vos informations lors d\u2019un prochain commentaire. Ces cookies sont valables un an.<br><br>Si vous visitez notre page de connexion, un cookie temporaire sera plac\u00e9 pour d\u00e9terminer si votre navigateur accepte les cookies. Ce cookie ne contient aucune donn\u00e9e personnelle et est supprim\u00e9 \u00e0 la fermeture de votre navigateur.<br><br>Lorsque vous vous connectez, plusieurs cookies sont plac\u00e9s pour sauvegarder vos informations de connexion et vos pr\u00e9f\u00e9rences d\u2019affichage. Les cookies de connexion durent deux jours, les cookies de pr\u00e9f\u00e9rences d\u2019affichage durent un an. Si vous cochez \u00ab Se souvenir de moi \u00bb, votre connexion sera maintenue pendant deux semaines. Lorsque vous vous d\u00e9connectez, les cookies de connexion sont supprim\u00e9s.<br><br>Si vous \u00e9ditez ou publiez un article, un cookie suppl\u00e9mentaire est enregistr\u00e9 dans votre navigateur. Ce cookie ne contient pas de donn\u00e9es personnelles et indique uniquement l\u2019ID de l\u2019article modifi\u00e9. Il expire apr\u00e8s un jour.<br><br>&nbsp;<br><h2>Contenu embarqu\u00e9 depuis d\u2019autres sites<\/h2><br>Les articles sur ce site peuvent inclure du contenu embarqu\u00e9 (ex. vid\u00e9os, images, articles, etc.). Le contenu embarqu\u00e9 depuis d\u2019autres sites se comporte exactement comme si le visiteur avait visit\u00e9 ce site.<br><br>Ces sites peuvent collecter des donn\u00e9es vous concernant, utiliser des cookies, int\u00e9grer des traceurs tiers suppl\u00e9mentaires et surveiller votre interaction avec ce contenu embarqu\u00e9, notamment si vous avez un compte connect\u00e9 sur ce site.<br><br>&nbsp;<br><h2>Avec qui nous partageons vos donn\u00e9es<\/h2><br>Si vous demandez une r\u00e9initialisation de mot de passe, votre adresse IP sera incluse dans l\u2019e-mail de r\u00e9initialisation.<br><br>&nbsp;<br><h2>Dur\u00e9e de conservation de vos donn\u00e9es<\/h2><br>Si vous laissez un commentaire, ce commentaire et ses m\u00e9tadonn\u00e9es sont conserv\u00e9s ind\u00e9finiment. Cela permet de reconna\u00eetre et d\u2019approuver automatiquement tout commentaire de suivi, sans passer par une mod\u00e9ration manuelle.<br><br>Pour les utilisateurs qui s\u2019inscrivent sur notre site (le cas \u00e9ch\u00e9ant), nous conservons \u00e9galement les informations personnelles fournies dans leur profil utilisateur. Tous les utilisateurs peuvent voir, modifier ou supprimer leurs informations personnelles \u00e0 tout moment (sauf leur nom d\u2019utilisateur). Les administrateurs du site peuvent \u00e9galement voir et modifier ces informations.<br><br>&nbsp;<br><h2>Quels droits vous avez sur vos donn\u00e9es<\/h2><br>Si vous avez un compte sur ce site ou avez laiss\u00e9 des commentaires, vous pouvez demander \u00e0 recevoir un fichier export\u00e9 contenant les donn\u00e9es personnelles que nous d\u00e9tenons \u00e0 votre sujet, y compris celles que vous nous avez fournies. Vous pouvez aussi demander la suppression de vos donn\u00e9es personnelles. Cela n\u2019inclut pas les donn\u00e9es que nous sommes oblig\u00e9s de conserver pour des raisons administratives, l\u00e9gales ou de s\u00e9curit\u00e9.<br><br>&nbsp;<br><h2>O\u00f9 vos donn\u00e9es sont envoy\u00e9es<\/h2><br>Les commentaires des visiteurs peuvent \u00eatre v\u00e9rifi\u00e9s via un service automatis\u00e9 de d\u00e9tection de spam.<br><br>\t\t\t\t\t\t\t\t<\/div>\n\t\t\t\t<\/div>\n\t\t\t\t\t<\/div>\n\t\t<\/div>\n\t\t\t\t\t<\/div>\n\t\t<\/section>\n\t\t\t\t<section class=\"elementor-section elementor-top-section elementor-element elementor-element-7c93899f elementor-section-boxed elementor-section-height-default elementor-section-height-default\" data-id=\"7c93899f\" data-element_type=\"section\" data-e-type=\"section\" data-settings=\"{&quot;background_background&quot;:&quot;classic&quot;}\">\n\t\t\t\t\t\t\t<div class=\"elementor-background-overlay\"><\/div>\n\t\t\t\t\t\t\t<div class=\"elementor-container elementor-column-gap-default\">\n\t\t\t\t\t<div class=\"elementor-column elementor-col-100 elementor-top-column elementor-element elementor-element-3e875b15\" data-id=\"3e875b15\" data-element_type=\"column\" data-e-type=\"column\">\n\t\t\t<div class=\"elementor-widget-wrap elementor-element-populated\">\n\t\t\t\t\t\t<div class=\"elementor-element elementor-element-4f15e4e2 elementor-widget__width-initial elementor-widget elementor-widget-heading\" data-id=\"4f15e4e2\" data-element_type=\"widget\" data-e-type=\"widget\" data-widget_type=\"heading.default\">\n\t\t\t\t<div class=\"elementor-widget-container\">\n\t\t\t\t\t<h2 class=\"elementor-heading-title elementor-size-default\">Planifiez une <b>consultation gratuite<\/b><br><\/h2>\t\t\t\t<\/div>\n\t\t\t\t<\/div>\n\t\t\t\t<div class=\"elementor-element elementor-element-7d007ec2 elementor-align-center elementor-widget elementor-widget-button\" data-id=\"7d007ec2\" data-element_type=\"widget\" data-e-type=\"widget\" data-widget_type=\"button.default\">\n\t\t\t\t<div class=\"elementor-widget-container\">\n\t\t\t\t\t\t\t\t\t<div class=\"elementor-button-wrapper\">\n\t\t\t\t\t<a class=\"elementor-button elementor-button-link elementor-size-sm\" href=\"https:\/\/www.heveatecture.com\/fr\/contact\/#rdv\">\n\t\t\t\t\t\t<span class=\"elementor-button-content-wrapper\">\n\t\t\t\t\t\t\t\t\t<span class=\"elementor-button-text\">Demande de renseignements<\/span>\n\t\t\t\t\t<\/span>\n\t\t\t\t\t<\/a>\n\t\t\t\t<\/div>\n\t\t\t\t\t\t\t\t<\/div>\n\t\t\t\t<\/div>\n\t\t\t\t\t<\/div>\n\t\t<\/div>\n\t\t\t\t\t<\/div>\n\t\t<\/section>\n\t\t\t\t<\/div>\n\t\t","protected":false},"excerpt":{"rendered":"<p>POLITIQUEDE CONFIDENTIALIT\u00c9 Qui nous sommes L\u2019adresse de notre site web est : https:\/\/www.heveatecture.com. &nbsp; Commentaires Lorsque les visiteurs laissent des commentaires sur le site, nous recueillons les donn\u00e9es affich\u00e9es dans le formulaire de commentaire, ainsi que l\u2019adresse IP du visiteur et la cha\u00eene de l\u2019agent utilisateur du navigateur afin d\u2019aider \u00e0 la d\u00e9tection des spams.<\/p>\n","protected":false},"author":1,"featured_media":0,"parent":0,"menu_order":0,"comment_status":"closed","ping_status":"closed","template":"elementor_header_footer","meta":{"_rtcl_gb_attr":"","footnotes":""},"class_list":["post-36357","page","type-page","status-publish","hentry"],"yoast_head":"<!-- This site is optimized with the Yoast SEO plugin v27.4 - https:\/\/yoast.com\/product\/yoast-seo-wordpress\/ -->\n<title>Politique de confidentialit\u00e9 - Heveatecture<\/title>\n<meta name=\"description\" content=\"Lisez la politique de confidentialit\u00e9 de Heveatecture pour comprendre comment nous prot\u00e9geons vos donn\u00e9es personnelles et garantissons une gestion s\u00e9curis\u00e9e de vos informations.\" \/>\n<meta name=\"robots\" content=\"index, follow, max-snippet:-1, max-image-preview:large, max-video-preview:-1\" \/>\n<link rel=\"canonical\" href=\"https:\/\/www.heveatecture.com\/privacy-policy\/\" \/>\n<meta property=\"og:locale\" content=\"fr_FR\" \/>\n<meta property=\"og:type\" content=\"article\" \/>\n<meta property=\"og:title\" content=\"Politique de confidentialit\u00e9 - Heveatecture\" \/>\n<meta property=\"og:description\" content=\"Lisez la politique de confidentialit\u00e9 de Heveatecture pour comprendre comment nous prot\u00e9geons vos donn\u00e9es personnelles et garantissons une gestion s\u00e9curis\u00e9e de vos informations.\" \/>\n<meta property=\"og:url\" content=\"https:\/\/www.heveatecture.com\/privacy-policy\/\" \/>\n<meta property=\"og:site_name\" content=\"Heveatecture\" \/>\n<meta property=\"article:publisher\" content=\"https:\/\/www.facebook.com\/profile.php?id=61565099340708\" \/>\n<meta property=\"article:modified_time\" content=\"2025-08-07T09:59:44+00:00\" \/>\n<meta name=\"twitter:card\" content=\"summary_large_image\" \/>\n<meta name=\"twitter:label1\" content=\"Dur\u00e9e de lecture estim\u00e9e\" \/>\n\t<meta name=\"twitter:data1\" content=\"3 minutes\" \/>\n<script type=\"application\/ld+json\" class=\"yoast-schema-graph\">{\"@context\":\"https:\\\/\\\/schema.org\",\"@graph\":[{\"@type\":\"WebPage\",\"@id\":\"https:\\\/\\\/www.heveatecture.com\\\/privacy-policy\\\/\",\"url\":\"https:\\\/\\\/www.heveatecture.com\\\/privacy-policy\\\/\",\"name\":\"Politique de confidentialit\u00e9 - Heveatecture\",\"isPartOf\":{\"@id\":\"https:\\\/\\\/www.heveatecture.com\\\/#website\"},\"datePublished\":\"2024-08-28T11:35:03+00:00\",\"dateModified\":\"2025-08-07T09:59:44+00:00\",\"description\":\"Lisez la politique de confidentialit\u00e9 de Heveatecture pour comprendre comment nous prot\u00e9geons vos donn\u00e9es personnelles et garantissons une gestion s\u00e9curis\u00e9e de vos informations.\",\"breadcrumb\":{\"@id\":\"https:\\\/\\\/www.heveatecture.com\\\/privacy-policy\\\/#breadcrumb\"},\"inLanguage\":\"fr-FR\",\"potentialAction\":[{\"@type\":\"ReadAction\",\"target\":[\"https:\\\/\\\/www.heveatecture.com\\\/privacy-policy\\\/\"]}]},{\"@type\":\"BreadcrumbList\",\"@id\":\"https:\\\/\\\/www.heveatecture.com\\\/privacy-policy\\\/#breadcrumb\",\"itemListElement\":[{\"@type\":\"ListItem\",\"position\":1,\"name\":\"Home\",\"item\":\"https:\\\/\\\/www.heveatecture.com\\\/\"},{\"@type\":\"ListItem\",\"position\":2,\"name\":\"Politique de confidentialit\u00e9\"}]},{\"@type\":\"WebSite\",\"@id\":\"https:\\\/\\\/www.heveatecture.com\\\/#website\",\"url\":\"https:\\\/\\\/www.heveatecture.com\\\/\",\"name\":\"Heveatecture\",\"description\":\"Invest in Koh Samui\",\"publisher\":{\"@id\":\"https:\\\/\\\/www.heveatecture.com\\\/#organization\"},\"potentialAction\":[{\"@type\":\"SearchAction\",\"target\":{\"@type\":\"EntryPoint\",\"urlTemplate\":\"https:\\\/\\\/www.heveatecture.com\\\/?s={search_term_string}\"},\"query-input\":{\"@type\":\"PropertyValueSpecification\",\"valueRequired\":true,\"valueName\":\"search_term_string\"}}],\"inLanguage\":\"fr-FR\"},{\"@type\":\"Organization\",\"@id\":\"https:\\\/\\\/www.heveatecture.com\\\/#organization\",\"name\":\"Heveatecture\",\"url\":\"https:\\\/\\\/www.heveatecture.com\\\/\",\"logo\":{\"@type\":\"ImageObject\",\"inLanguage\":\"fr-FR\",\"@id\":\"https:\\\/\\\/www.heveatecture.com\\\/#\\\/schema\\\/logo\\\/image\\\/\",\"url\":\"https:\\\/\\\/www.heveatecture.com\\\/wp-content\\\/uploads\\\/2024\\\/08\\\/Logo_Transparent.png\",\"contentUrl\":\"https:\\\/\\\/www.heveatecture.com\\\/wp-content\\\/uploads\\\/2024\\\/08\\\/Logo_Transparent.png\",\"width\":766,\"height\":120,\"caption\":\"Heveatecture\"},\"image\":{\"@id\":\"https:\\\/\\\/www.heveatecture.com\\\/#\\\/schema\\\/logo\\\/image\\\/\"},\"sameAs\":[\"https:\\\/\\\/www.facebook.com\\\/profile.php?id=61565099340708\"]}]}<\/script>\n<!-- \/ Yoast SEO plugin. -->","yoast_head_json":{"title":"Politique de confidentialit\u00e9 - Heveatecture","description":"Lisez la politique de confidentialit\u00e9 de Heveatecture pour comprendre comment nous prot\u00e9geons vos donn\u00e9es personnelles et garantissons une gestion s\u00e9curis\u00e9e de vos informations.","robots":{"index":"index","follow":"follow","max-snippet":"max-snippet:-1","max-image-preview":"max-image-preview:large","max-video-preview":"max-video-preview:-1"},"canonical":"https:\/\/www.heveatecture.com\/privacy-policy\/","og_locale":"fr_FR","og_type":"article","og_title":"Politique de confidentialit\u00e9 - Heveatecture","og_description":"Lisez la politique de confidentialit\u00e9 de Heveatecture pour comprendre comment nous prot\u00e9geons vos donn\u00e9es personnelles et garantissons une gestion s\u00e9curis\u00e9e de vos informations.","og_url":"https:\/\/www.heveatecture.com\/privacy-policy\/","og_site_name":"Heveatecture","article_publisher":"https:\/\/www.facebook.com\/profile.php?id=61565099340708","article_modified_time":"2025-08-07T09:59:44+00:00","twitter_card":"summary_large_image","twitter_misc":{"Dur\u00e9e de lecture estim\u00e9e":"3 minutes"},"schema":{"@context":"https:\/\/schema.org","@graph":[{"@type":"WebPage","@id":"https:\/\/www.heveatecture.com\/privacy-policy\/","url":"https:\/\/www.heveatecture.com\/privacy-policy\/","name":"Politique de confidentialit\u00e9 - Heveatecture","isPartOf":{"@id":"https:\/\/www.heveatecture.com\/#website"},"datePublished":"2024-08-28T11:35:03+00:00","dateModified":"2025-08-07T09:59:44+00:00","description":"Lisez la politique de confidentialit\u00e9 de Heveatecture pour comprendre comment nous prot\u00e9geons vos donn\u00e9es personnelles et garantissons une gestion s\u00e9curis\u00e9e de vos informations.","breadcrumb":{"@id":"https:\/\/www.heveatecture.com\/privacy-policy\/#breadcrumb"},"inLanguage":"fr-FR","potentialAction":[{"@type":"ReadAction","target":["https:\/\/www.heveatecture.com\/privacy-policy\/"]}]},{"@type":"BreadcrumbList","@id":"https:\/\/www.heveatecture.com\/privacy-policy\/#breadcrumb","itemListElement":[{"@type":"ListItem","position":1,"name":"Home","item":"https:\/\/www.heveatecture.com\/"},{"@type":"ListItem","position":2,"name":"Politique de confidentialit\u00e9"}]},{"@type":"WebSite","@id":"https:\/\/www.heveatecture.com\/#website","url":"https:\/\/www.heveatecture.com\/","name":"Heveatecture","description":"Invest in Koh Samui","publisher":{"@id":"https:\/\/www.heveatecture.com\/#organization"},"potentialAction":[{"@type":"SearchAction","target":{"@type":"EntryPoint","urlTemplate":"https:\/\/www.heveatecture.com\/?s={search_term_string}"},"query-input":{"@type":"PropertyValueSpecification","valueRequired":true,"valueName":"search_term_string"}}],"inLanguage":"fr-FR"},{"@type":"Organization","@id":"https:\/\/www.heveatecture.com\/#organization","name":"Heveatecture","url":"https:\/\/www.heveatecture.com\/","logo":{"@type":"ImageObject","inLanguage":"fr-FR","@id":"https:\/\/www.heveatecture.com\/#\/schema\/logo\/image\/","url":"https:\/\/www.heveatecture.com\/wp-content\/uploads\/2024\/08\/Logo_Transparent.png","contentUrl":"https:\/\/www.heveatecture.com\/wp-content\/uploads\/2024\/08\/Logo_Transparent.png","width":766,"height":120,"caption":"Heveatecture"},"image":{"@id":"https:\/\/www.heveatecture.com\/#\/schema\/logo\/image\/"},"sameAs":["https:\/\/www.facebook.com\/profile.php?id=61565099340708"]}]}},"_links":{"self":[{"href":"https:\/\/www.heveatecture.com\/fr\/wp-json\/wp\/v2\/pages\/36357","targetHints":{"allow":["GET"]}}],"collection":[{"href":"https:\/\/www.heveatecture.com\/fr\/wp-json\/wp\/v2\/pages"}],"about":[{"href":"https:\/\/www.heveatecture.com\/fr\/wp-json\/wp\/v2\/types\/page"}],"author":[{"embeddable":true,"href":"https:\/\/www.heveatecture.com\/fr\/wp-json\/wp\/v2\/users\/1"}],"replies":[{"embeddable":true,"href":"https:\/\/www.heveatecture.com\/fr\/wp-json\/wp\/v2\/comments?post=36357"}],"version-history":[{"count":7,"href":"https:\/\/www.heveatecture.com\/fr\/wp-json\/wp\/v2\/pages\/36357\/revisions"}],"predecessor-version":[{"id":36393,"href":"https:\/\/www.heveatecture.com\/fr\/wp-json\/wp\/v2\/pages\/36357\/revisions\/36393"}],"wp:attachment":[{"href":"https:\/\/www.heveatecture.com\/fr\/wp-json\/wp\/v2\/media?parent=36357"}],"curies":[{"name":"wp","href":"https:\/\/api.w.org\/{rel}","templated":true}]}}